{"id":4635,"date":"2015-09-08T04:52:24","date_gmt":"2015-09-08T04:52:24","guid":{"rendered":"http:\/\/ultrafreshsystems.com\/es\/finance-3\/"},"modified":"2015-10-16T20:50:52","modified_gmt":"2015-10-16T20:50:52","slug":"financiamiento","status":"publish","type":"page","link":"https:\/\/www.ultrafreshsystems.com\/es\/financiamiento\/","title":{"rendered":"Financiamiento"},"content":{"rendered":"<div class=\"wpb-content-wrapper\"><p>[vc_row full_width=\u00bb\u00bb parallax=\u00bb\u00bb parallax_image=\u00bb\u00bb bg_type=\u00bb\u00bb parallax_style=\u00bb\u00bb bg_image_new=\u00bb\u00bb layer_image=\u00bb\u00bb bg_image_repeat=\u00bb\u00bb bg_image_size=\u00bb\u00bb bg_cstm_size=\u00bb\u00bb bg_img_attach=\u00bb\u00bb parallax_sense=\u00bb\u00bb bg_image_posiiton=\u00bb\u00bb animation_direction=\u00bb\u00bb animation_repeat=\u00bb\u00bb video_url=\u00bb\u00bb video_url_2=\u00bb\u00bb u_video_url=\u00bb\u00bb video_opts=\u00bb\u00bb video_poster=\u00bb\u00bb u_start_time=\u00bb\u00bb u_stop_time=\u00bb\u00bb viewport_vdo=\u00bb\u00bb enable_controls=\u00bb\u00bb bg_override=\u00bb\u00bb disable_on_mobile_img_parallax=\u00bb\u00bb parallax_content=\u00bb\u00bb parallax_content_sense=\u00bb\u00bb fadeout_row=\u00bb\u00bb fadeout_start_effect=\u00bb\u00bb enable_overlay=\u00bb\u00bb overlay_color=\u00bb\u00bb overlay_pattern=\u00bb\u00bb overlay_pattern_opacity=\u00bb\u00bb overlay_pattern_size=\u00bb\u00bb overlay_pattern_attachment=\u00bb\u00bb multi_color_overlay=\u00bb\u00bb multi_color_overlay_opacity=\u00bb\u00bb seperator_enable=\u00bb\u00bb seperator_type=\u00bb\u00bb seperator_position=\u00bb\u00bb seperator_shape_size=\u00bb\u00bb seperator_svg_height=\u00bb\u00bb seperator_shape_background=\u00bb\u00bb seperator_shape_border=\u00bb\u00bb seperator_shape_border_color=\u00bb\u00bb seperator_shape_border_width=\u00bb\u00bb icon_type=\u00bb\u00bb icon=\u00bb\u00bb icon_size=\u00bb\u00bb icon_color=\u00bb\u00bb icon_style=\u00bb\u00bb icon_color_bg=\u00bb\u00bb icon_border_style=\u00bb\u00bb icon_color_border=\u00bb\u00bb icon_border_size=\u00bb\u00bb icon_border_radius=\u00bb\u00bb icon_border_spacing=\u00bb\u00bb icon_img=\u00bb\u00bb img_width=\u00bb\u00bb ult_hide_row=\u00bb\u00bb ult_hide_row_large_screen=\u00bb\u00bb ult_hide_row_desktop=\u00bb\u00bb ult_hide_row_tablet=\u00bb\u00bb ult_hide_row_tablet_small=\u00bb\u00bb ult_hide_row_mobile=\u00bb\u00bb ult_hide_row_mobile_large=\u00bb\u00bb][vc_column width=\u00bb1\/1&#8243;]<div class=\"ult-spacer spacer-69ea5877e7034\" data-id=\"69ea5877e7034\" data-height=\"40\" data-height-mobile=\"40\" data-height-tab=\"40\" data-height-tab-portrait=\"\" data-height-mobile-landscape=\"\" style=\"clear:both;display:block;\"><\/div>[\/vc_column][\/vc_row][vc_row full_width=\u00bb\u00bb parallax=\u00bb\u00bb parallax_image=\u00bb\u00bb bg_type=\u00bb\u00bb parallax_style=\u00bb\u00bb bg_image_new=\u00bb\u00bb layer_image=\u00bb\u00bb bg_image_repeat=\u00bb\u00bb bg_image_size=\u00bb\u00bb bg_cstm_size=\u00bb\u00bb bg_img_attach=\u00bb\u00bb parallax_sense=\u00bb\u00bb bg_image_posiiton=\u00bb\u00bb animation_direction=\u00bb\u00bb animation_repeat=\u00bb\u00bb video_url=\u00bb\u00bb video_url_2=\u00bb\u00bb u_video_url=\u00bb\u00bb video_opts=\u00bb\u00bb video_poster=\u00bb\u00bb u_start_time=\u00bb\u00bb u_stop_time=\u00bb\u00bb viewport_vdo=\u00bb\u00bb enable_controls=\u00bb\u00bb bg_override=\u00bb\u00bb disable_on_mobile_img_parallax=\u00bb\u00bb parallax_content=\u00bb\u00bb parallax_content_sense=\u00bb\u00bb fadeout_row=\u00bb\u00bb fadeout_start_effect=\u00bb\u00bb enable_overlay=\u00bb\u00bb overlay_color=\u00bb\u00bb overlay_pattern=\u00bb\u00bb overlay_pattern_opacity=\u00bb\u00bb overlay_pattern_size=\u00bb\u00bb overlay_pattern_attachment=\u00bb\u00bb multi_color_overlay=\u00bb\u00bb multi_color_overlay_opacity=\u00bb\u00bb seperator_enable=\u00bb\u00bb seperator_type=\u00bb\u00bb seperator_position=\u00bb\u00bb seperator_shape_size=\u00bb\u00bb seperator_svg_height=\u00bb\u00bb seperator_shape_background=\u00bb\u00bb seperator_shape_border=\u00bb\u00bb seperator_shape_border_color=\u00bb\u00bb seperator_shape_border_width=\u00bb\u00bb icon_type=\u00bb\u00bb icon=\u00bb\u00bb icon_size=\u00bb\u00bb icon_color=\u00bb\u00bb icon_style=\u00bb\u00bb icon_color_bg=\u00bb\u00bb icon_border_style=\u00bb\u00bb icon_color_border=\u00bb\u00bb icon_border_size=\u00bb\u00bb icon_border_radius=\u00bb\u00bb icon_border_spacing=\u00bb\u00bb icon_img=\u00bb\u00bb img_width=\u00bb\u00bb ult_hide_row=\u00bb\u00bb ult_hide_row_large_screen=\u00bb\u00bb ult_hide_row_desktop=\u00bb\u00bb ult_hide_row_tablet=\u00bb\u00bb ult_hide_row_tablet_small=\u00bb\u00bb ult_hide_row_mobile=\u00bb\u00bb ult_hide_row_mobile_large=\u00bb\u00bb][vc_column width=\u00bb2\/3&#8243;]<div class=\"ult-spacer spacer-69ea5877e7047\" data-id=\"69ea5877e7047\" data-height=\"40\" data-height-mobile=\"40\" data-height-tab=\"40\" data-height-tab-portrait=\"\" data-height-mobile-landscape=\"\" style=\"clear:both;display:block;\"><\/div>[vc_column_text css_animation=\u00bb\u00bb]<\/p>\n<p style=\"text-align: justify;\"><strong>IWC FINANCE CORP<\/strong> , Le da la oportunidad de Compre hoy y pague despu\u00e9s.\u00a0Es un programa de compra venta a plazos orientado exclusivamente a la adquisici\u00f3n de nuestros productos.<\/p>\n<p style=\"text-align: justify;\">Al abrir su cuenta de cr\u00e9dito en IWC FINANCE CORP, tiene la oportunidad de establecer y registrar su cr\u00e9dito en todo el pa\u00eds, le ayudar\u00e1 a financiar autos, comprar casa, obtener los beneficios comprar nuestros productos para su familia y un sin n\u00famero de beneficios m\u00e1s<\/p>\n<p>[\/vc_column_text]<div class=\"ult-spacer spacer-69ea5877e7051\" data-id=\"69ea5877e7051\" data-height=\"40\" data-height-mobile=\"40\" data-height-tab=\"40\" data-height-tab-portrait=\"\" data-height-mobile-landscape=\"\" style=\"clear:both;display:block;\"><\/div><div id=\"ultimate-heading69ea5877e706a\" class=\"uvc-heading ultimate-heading69ea5877e706a uvc-2700 \" data-hspacer=\"no_spacer\"  data-halign=\"left\" style=\"text-align:left\"><div class=\"uvc-heading-spacer no_spacer\" style=\"\"><\/div><div class=\"uvc-sub-heading ult-responsive\"  data-ultimate-target='.uvc-heading.ultimate-heading69ea5877e706a .uvc-sub-heading '  data-responsive-json-new='{\"font-size\":\"\",\"line-height\":\"\"}'  style=\"font-weight:normal;\"><\/p>\n<p style=\"text-align: center;\"><strong>Nuestro Banco de Apoyo:<\/strong><\/p>\n<p><img loading=\"lazy\" decoding=\"async\" class=\"wp-image-4007 aligncenter\" src=\"http:\/\/ultrafreshsystems.com\/wp-content\/uploads\/2015\/09\/boa.png\" alt=\"boa\" width=\"247\" height=\"137\" srcset=\"https:\/\/www.ultrafreshsystems.com\/wp-content\/uploads\/2015\/09\/boa.png 400w, https:\/\/www.ultrafreshsystems.com\/wp-content\/uploads\/2015\/09\/boa-300x167.png 300w\" sizes=\"auto, (max-width: 247px) 100vw, 247px\" \/><\/div><\/div>[vc_column_text css_animation=\u00bb\u00bb]<\/p>\n<p style=\"text-align: center;\"><strong>Informaci\u00f3n sobre su cr\u00e9dito:<\/strong><\/p>\n<p style=\"text-align: justify;\">Puede solicitar su informe de cr\u00e9dito gratuito: Tambi\u00e9n deber\u00eda pedir su informe de cr\u00e9dito varios meses antes de solicitar un pr\u00e9stamo o una tarjeta. De esta forma, tendr\u00e1 tiempo suficiente para revisarlo y corregir posibles errores. Un simple error en el historial de cr\u00e9dito puede afectar su puntuaci\u00f3n y su capacidad para obtener financiaci\u00f3n.<\/p>\n<p>[\/vc_column_text]<div class=\"ult-spacer spacer-69ea5877e707d\" data-id=\"69ea5877e707d\" data-height=\"40\" data-height-mobile=\"40\" data-height-tab=\"40\" data-height-tab-portrait=\"\" data-height-mobile-landscape=\"\" style=\"clear:both;display:block;\"><\/div>[\/vc_column][vc_column width=\u00bb1\/3&#8243;]<div id=\"ultimate-heading69ea5877e708b\" class=\"uvc-heading ultimate-heading69ea5877e708b uvc-4861 \" data-hspacer=\"no_spacer\"  data-halign=\"left\" style=\"text-align:left\"><div class=\"uvc-heading-spacer no_spacer\" style=\"\"><\/div><div class=\"uvc-sub-heading ult-responsive\"  data-ultimate-target='.uvc-heading.ultimate-heading69ea5877e708b .uvc-sub-heading '  data-responsive-json-new='{\"font-size\":\"\",\"line-height\":\"\"}'  style=\"font-weight:normal;\"><\/p>\n<p><strong>Finance Headquarters<\/strong><\/p>\n<p><\/div><\/div>[vc_column_text]<strong>Horarios:<\/strong><br \/>\nLunes\u00a0a Viernes\u00a0de 8:30 am to 8:00 pm<br \/>\nSabados\u00a0de 8:30 am \u20135:00 pm<\/p>\n<p><b>Tel\u00e9fonos<\/b><strong>:<\/strong><br \/>\n(713) 779 &#8211; 9777<br \/>\n(713) 774 &#8211; 9777<br \/>\n(713) 771 &#8211; 9777<br \/>\n(713) 778 &#8211; 9777<\/p>\n<p><strong>Fax<\/strong><br \/>\n(713) 779 &#8211; 8333<\/p>\n<p><strong>Departmento de\u00a0Cr\u00e9dito:<\/strong><br \/>\nSra. Susana Quintanilla<br \/>\nCredit Manager<\/p>\n<p><b>Direcci\u00f3n<\/b><strong>\u00a0Postal:<\/strong><br \/>\nIWC Finance Corp.<br \/>\nPo Box 2819<br \/>\nSugar Land, Texas 77487[\/vc_column_text]<div class=\"ult-spacer spacer-69ea5877e7095\" data-id=\"69ea5877e7095\" data-height=\"40\" data-height-mobile=\"40\" data-height-tab=\"40\" data-height-tab-portrait=\"\" data-height-mobile-landscape=\"\" style=\"clear:both;display:block;\"><\/div>[\/vc_column][\/vc_row][vc_row full_width=\u00bb\u00bb parallax=\u00bb\u00bb parallax_image=\u00bb\u00bb bg_type=\u00bb\u00bb parallax_style=\u00bb\u00bb bg_image_new=\u00bb\u00bb layer_image=\u00bb\u00bb bg_image_repeat=\u00bb\u00bb bg_image_size=\u00bb\u00bb bg_cstm_size=\u00bb\u00bb bg_img_attach=\u00bb\u00bb parallax_sense=\u00bb\u00bb bg_image_posiiton=\u00bb\u00bb animation_direction=\u00bb\u00bb animation_repeat=\u00bb\u00bb video_url=\u00bb\u00bb video_url_2=\u00bb\u00bb u_video_url=\u00bb\u00bb video_opts=\u00bb\u00bb video_poster=\u00bb\u00bb u_start_time=\u00bb\u00bb u_stop_time=\u00bb\u00bb viewport_vdo=\u00bb\u00bb enable_controls=\u00bb\u00bb bg_override=\u00bb\u00bb disable_on_mobile_img_parallax=\u00bb\u00bb parallax_content=\u00bb\u00bb parallax_content_sense=\u00bb\u00bb fadeout_row=\u00bb\u00bb fadeout_start_effect=\u00bb\u00bb enable_overlay=\u00bb\u00bb overlay_color=\u00bb\u00bb overlay_pattern=\u00bb\u00bb overlay_pattern_opacity=\u00bb\u00bb overlay_pattern_size=\u00bb\u00bb overlay_pattern_attachment=\u00bb\u00bb multi_color_overlay=\u00bb\u00bb multi_color_overlay_opacity=\u00bb\u00bb seperator_enable=\u00bb\u00bb seperator_type=\u00bb\u00bb seperator_position=\u00bb\u00bb seperator_shape_size=\u00bb\u00bb seperator_svg_height=\u00bb\u00bb seperator_shape_background=\u00bb\u00bb seperator_shape_border=\u00bb\u00bb seperator_shape_border_color=\u00bb\u00bb seperator_shape_border_width=\u00bb\u00bb icon_type=\u00bb\u00bb icon=\u00bb\u00bb icon_size=\u00bb\u00bb icon_color=\u00bb\u00bb icon_style=\u00bb\u00bb icon_color_bg=\u00bb\u00bb icon_border_style=\u00bb\u00bb icon_color_border=\u00bb\u00bb icon_border_size=\u00bb\u00bb icon_border_radius=\u00bb\u00bb icon_border_spacing=\u00bb\u00bb icon_img=\u00bb\u00bb img_width=\u00bb\u00bb ult_hide_row=\u00bb\u00bb ult_hide_row_large_screen=\u00bb\u00bb ult_hide_row_desktop=\u00bb\u00bb ult_hide_row_tablet=\u00bb\u00bb ult_hide_row_tablet_small=\u00bb\u00bb ult_hide_row_mobile=\u00bb\u00bb ult_hide_row_mobile_large=\u00bb\u00bb el_id=\u00bb\u00bb][vc_column width=\u00bb1\/1&#8243;]<div id=\"ultimate-heading69ea5877e70a3\" class=\"uvc-heading ultimate-heading69ea5877e70a3 uvc-7946 \" data-hspacer=\"no_spacer\"  data-halign=\"center\" style=\"text-align:center\"><div class=\"uvc-heading-spacer no_spacer\" style=\"\"><\/div><div class=\"uvc-sub-heading ult-responsive\"  data-ultimate-target='.uvc-heading.ultimate-heading69ea5877e70a3 .uvc-sub-heading '  data-responsive-json-new='{\"font-size\":\"\",\"line-height\":\"\"}'  style=\"font-weight:normal;\"><\/p>\n<p><strong>Las principales agencias de cr\u00e9dito son:<\/strong><\/p>\n<p><\/div><\/div><div class=\"ult-spacer spacer-69ea5877e70ac\" data-id=\"69ea5877e70ac\" data-height=\"40\" data-height-mobile=\"40\" data-height-tab=\"40\" data-height-tab-portrait=\"\" data-height-mobile-landscape=\"\" style=\"clear:both;display:block;\"><\/div>[\/vc_column][\/vc_row][vc_row full_width=\u00bb\u00bb parallax=\u00bb\u00bb parallax_image=\u00bb\u00bb bg_type=\u00bb\u00bb parallax_style=\u00bb\u00bb bg_image_new=\u00bb\u00bb layer_image=\u00bb\u00bb bg_image_repeat=\u00bb\u00bb bg_image_size=\u00bb\u00bb bg_cstm_size=\u00bb\u00bb bg_img_attach=\u00bb\u00bb parallax_sense=\u00bb\u00bb bg_image_posiiton=\u00bb\u00bb animation_direction=\u00bb\u00bb animation_repeat=\u00bb\u00bb video_url=\u00bb\u00bb video_url_2=\u00bb\u00bb u_video_url=\u00bb\u00bb video_opts=\u00bb\u00bb video_poster=\u00bb\u00bb u_start_time=\u00bb\u00bb u_stop_time=\u00bb\u00bb viewport_vdo=\u00bb\u00bb enable_controls=\u00bb\u00bb bg_override=\u00bb\u00bb disable_on_mobile_img_parallax=\u00bb\u00bb parallax_content=\u00bb\u00bb parallax_content_sense=\u00bb\u00bb fadeout_row=\u00bb\u00bb fadeout_start_effect=\u00bb\u00bb enable_overlay=\u00bb\u00bb overlay_color=\u00bb\u00bb overlay_pattern=\u00bb\u00bb overlay_pattern_opacity=\u00bb\u00bb overlay_pattern_size=\u00bb\u00bb overlay_pattern_attachment=\u00bb\u00bb multi_color_overlay=\u00bb\u00bb multi_color_overlay_opacity=\u00bb\u00bb seperator_enable=\u00bb\u00bb seperator_type=\u00bb\u00bb seperator_position=\u00bb\u00bb seperator_shape_size=\u00bb\u00bb seperator_svg_height=\u00bb\u00bb seperator_shape_background=\u00bb\u00bb seperator_shape_border=\u00bb\u00bb seperator_shape_border_color=\u00bb\u00bb seperator_shape_border_width=\u00bb\u00bb icon_type=\u00bb\u00bb icon=\u00bb\u00bb icon_size=\u00bb\u00bb icon_color=\u00bb\u00bb icon_style=\u00bb\u00bb icon_color_bg=\u00bb\u00bb icon_border_style=\u00bb\u00bb icon_color_border=\u00bb\u00bb icon_border_size=\u00bb\u00bb icon_border_radius=\u00bb\u00bb icon_border_spacing=\u00bb\u00bb icon_img=\u00bb\u00bb img_width=\u00bb\u00bb ult_hide_row=\u00bb\u00bb ult_hide_row_large_screen=\u00bb\u00bb ult_hide_row_desktop=\u00bb\u00bb ult_hide_row_tablet=\u00bb\u00bb ult_hide_row_tablet_small=\u00bb\u00bb ult_hide_row_mobile=\u00bb\u00bb ult_hide_row_mobile_large=\u00bb\u00bb el_id=\u00bb\u00bb][vc_column width=\u00bb1\/3&#8243;][vc_column_text css_animation=\u00bb\u00bb]<strong>Equifax:<\/strong><br \/>\n1-800-685-1111<br \/>\n<a href=\"http:\/\/www.equifax.com\" target=\"_blank\">www.equifax.com<\/a>[\/vc_column_text]<div class=\"ult-spacer spacer-69ea5877e70b2\" data-id=\"69ea5877e70b2\" data-height=\"40\" data-height-mobile=\"40\" data-height-tab=\"40\" data-height-tab-portrait=\"\" data-height-mobile-landscape=\"\" style=\"clear:both;display:block;\"><\/div>[\/vc_column][vc_column width=\u00bb1\/3&#8243;][vc_column_text css_animation=\u00bb\u00bb]<strong>Experian:<\/strong><br \/>\n1-888-397-3742<br \/>\n<a href=\"http:\/\/www.experian.com\" target=\"_blank\">www.experian.com<\/a>[\/vc_column_text]<div class=\"ult-spacer spacer-69ea5877e70b8\" data-id=\"69ea5877e70b8\" data-height=\"40\" data-height-mobile=\"40\" data-height-tab=\"40\" data-height-tab-portrait=\"\" data-height-mobile-landscape=\"\" style=\"clear:both;display:block;\"><\/div>[\/vc_column][vc_column width=\u00bb1\/3&#8243;][vc_column_text css_animation=\u00bb\u00bb]<strong>TransUnion:<\/strong><br \/>\n1-800-888-4213<br \/>\n<a href=\"http:\/\/www.transunion.com\" target=\"_blank\">www.transunion.com<\/a>[\/vc_column_text]<div class=\"ult-spacer spacer-69ea5877e70bd\" data-id=\"69ea5877e70bd\" data-height=\"40\" data-height-mobile=\"40\" data-height-tab=\"40\" data-height-tab-portrait=\"\" data-height-mobile-landscape=\"\" style=\"clear:both;display:block;\"><\/div>[\/vc_column][\/vc_row]<\/p>\n<\/div>","protected":false},"excerpt":{"rendered":"<p>[vc_row full_width=\u00bb\u00bb parallax=\u00bb\u00bb parallax_image=\u00bb\u00bb bg_type=\u00bb\u00bb parallax_style=\u00bb\u00bb bg_image_new=\u00bb\u00bb layer_image=\u00bb\u00bb bg_image_repeat=\u00bb\u00bb bg_image_size=\u00bb\u00bb bg_cstm_size=\u00bb\u00bb bg_img_attach=\u00bb\u00bb parallax_sense=\u00bb\u00bb bg_image_posiiton=\u00bb\u00bb animation_direction=\u00bb\u00bb animation_repeat=\u00bb\u00bb video_url=\u00bb\u00bb video_url_2=\u00bb\u00bb u_video_url=\u00bb\u00bb video_opts=\u00bb\u00bb video_poster=\u00bb\u00bb u_start_time=\u00bb\u00bb u_stop_time=\u00bb\u00bb viewport_vdo=\u00bb\u00bb enable_controls=\u00bb\u00bb bg_override=\u00bb\u00bb disable_on_mobile_img_parallax=\u00bb\u00bb parallax_content=\u00bb\u00bb parallax_content_sense=\u00bb\u00bb fadeout_row=\u00bb\u00bb fadeout_start_effect=\u00bb\u00bb enable_overlay=\u00bb\u00bb overlay_color=\u00bb\u00bb overlay_pattern=\u00bb\u00bb overlay_pattern_opacity=\u00bb\u00bb overlay_pattern_size=\u00bb\u00bb overlay_pattern_attachment=\u00bb\u00bb multi_color_overlay=\u00bb\u00bb multi_color_overlay_opacity=\u00bb\u00bb seperator_enable=\u00bb\u00bb seperator_type=\u00bb\u00bb seperator_position=\u00bb\u00bb seperator_shape_size=\u00bb\u00bb seperator_svg_height=\u00bb\u00bb seperator_shape_background=\u00bb\u00bb seperator_shape_border=\u00bb\u00bb seperator_shape_border_color=\u00bb\u00bb seperator_shape_border_width=\u00bb\u00bb icon_type=\u00bb\u00bb icon=\u00bb\u00bb icon_size=\u00bb\u00bb icon_color=\u00bb\u00bb icon_style=\u00bb\u00bb icon_color_bg=\u00bb\u00bb icon_border_style=\u00bb\u00bb [&hellip;]<\/p>\n","protected":false},"author":1,"featured_media":0,"parent":0,"menu_order":0,"comment_status":"closed","ping_status":"closed","template":"template-home.php","meta":{"_exactmetrics_skip_tracking":false,"_exactmetrics_sitenote_active":false,"_exactmetrics_sitenote_note":"","_exactmetrics_sitenote_category":0,"footnotes":""},"class_list":["post-4635","page","type-page","status-publish","hentry"],"_links":{"self":[{"href":"https:\/\/www.ultrafreshsystems.com\/es\/wp-json\/wp\/v2\/pages\/4635","targetHints":{"allow":["GET"]}}],"collection":[{"href":"https:\/\/www.ultrafreshsystems.com\/es\/wp-json\/wp\/v2\/pages"}],"about":[{"href":"https:\/\/www.ultrafreshsystems.com\/es\/wp-json\/wp\/v2\/types\/page"}],"author":[{"embeddable":true,"href":"https:\/\/www.ultrafreshsystems.com\/es\/wp-json\/wp\/v2\/users\/1"}],"replies":[{"embeddable":true,"href":"https:\/\/www.ultrafreshsystems.com\/es\/wp-json\/wp\/v2\/comments?post=4635"}],"version-history":[{"count":7,"href":"https:\/\/www.ultrafreshsystems.com\/es\/wp-json\/wp\/v2\/pages\/4635\/revisions"}],"predecessor-version":[{"id":5605,"href":"https:\/\/www.ultrafreshsystems.com\/es\/wp-json\/wp\/v2\/pages\/4635\/revisions\/5605"}],"wp:attachment":[{"href":"https:\/\/www.ultrafreshsystems.com\/es\/wp-json\/wp\/v2\/media?parent=4635"}],"curies":[{"name":"wp","href":"https:\/\/api.w.org\/{rel}","templated":true}]}}