{"id":4649,"date":"2015-07-31T02:48:32","date_gmt":"2015-07-31T02:48:32","guid":{"rendered":"http:\/\/ultrafreshsystems.com\/es\/home-demo-2\/"},"modified":"2017-07-21T06:09:18","modified_gmt":"2017-07-21T06:09:18","slug":"home-demo-2","status":"publish","type":"page","link":"https:\/\/www.ultrafreshsystems.com\/es\/","title":{"rendered":"Inicio"},"content":{"rendered":"<div class=\"wpb-content-wrapper\"><p>[vc_row bg_type=\u00bbbg_color\u00bb video_opts=\u00bbloop,muted\u00bb bg_override=\u00bbex-full\u00bb multi_color_overlay=\u00bb\u00bb css=\u00bb.vc_custom_1442438576548{margin-top: 80px !important;}\u00bb bg_color_value=\u00bb#ffffff\u00bb el_class=\u00bbmobile-no-padding\u00bb u_video_url=\u00bbhttps:\/\/www.youtube.com\/watch?v=u1gh5N_Hrwk&amp;feature=youtu.be\u00bb parallax_style=\u00bbvcpb-default\u00bb bg_image_new=\u00bb3001|http:\/\/ultrafreshsystems.com\/wp-content\/uploads\/2015\/07\/about-us.png\u00bb bg_image_repeat=\u00bbno-repeat\u00bb][vc_column width=\u00bb1\/4&#8243;]<div class=\"ult-spacer spacer-69ea578e7bea8\" data-id=\"69ea578e7bea8\" data-height=\"10\" data-height-mobile=\"20\" data-height-tab=\"\" data-height-tab-portrait=\"\" data-height-mobile-landscape=\"20\" style=\"clear:both;display:block;\"><\/div>[vc_single_image image=\u00bb5173&#8243; border_color=\u00bbturquoise\u00bb img_link_large=\u00bb\u00bb img_link_target=\u00bb_self\u00bb img_size=\u00bblarge\u00bb alignment=\u00bbcenter\u00bb style=\u00bbvc_box_outline\u00bb css=\u00bb.vc_custom_1445458153831{background-color: #ffffff !important;}\u00bb link=\u00bbhttp:\/\/ultrafreshsystems.com\/es\/ultra-hygienic-air-purification-system\/\u00bb]<div class=\"ult-spacer spacer-69ea578e7bebb\" data-id=\"69ea578e7bebb\" data-height=\"40\" data-height-mobile=\"20\" data-height-tab=\"\" data-height-tab-portrait=\"\" data-height-mobile-landscape=\"20\" style=\"clear:both;display:block;\"><\/div>[\/vc_column][vc_column width=\u00bb1\/4&#8243;]<div class=\"ult-spacer spacer-69ea578e7bec5\" data-id=\"69ea578e7bec5\" data-height=\"10\" data-height-mobile=\"20\" data-height-tab=\"\" data-height-tab-portrait=\"\" data-height-mobile-landscape=\"20\" style=\"clear:both;display:block;\"><\/div>[vc_single_image image=\u00bb5175&#8243; alignment=\u00bbcenter\u00bb style=\u00bbvc_box_outline\u00bb border_color=\u00bbturquoise\u00bb img_link_large=\u00bb\u00bb img_link_target=\u00bb_self\u00bb img_size=\u00bblarge\u00bb css=\u00bb.vc_custom_1445458168552{background-color: #ffffff !important;}\u00bb link=\u00bbhttp:\/\/ultrafreshsystems.com\/es\/products\/\u00bb]<div class=\"ult-spacer spacer-69ea578e7bece\" data-id=\"69ea578e7bece\" data-height=\"40\" data-height-mobile=\"20\" data-height-tab=\"\" data-height-tab-portrait=\"\" data-height-mobile-landscape=\"20\" style=\"clear:both;display:block;\"><\/div>[\/vc_column][vc_column width=\u00bb1\/4&#8243;]<div class=\"ult-spacer spacer-69ea578e7bed5\" data-id=\"69ea578e7bed5\" data-height=\"10\" data-height-mobile=\"20\" data-height-tab=\"\" data-height-tab-portrait=\"\" data-height-mobile-landscape=\"20\" style=\"clear:both;display:block;\"><\/div>[vc_single_image image=\u00bb5176&#8243; alignment=\u00bbcenter\u00bb style=\u00bbvc_box_outline\u00bb border_color=\u00bbturquoise\u00bb img_link_large=\u00bb\u00bb img_link_target=\u00bb_self\u00bb img_size=\u00bblarge\u00bb css=\u00bb.vc_custom_1445532256046{background-color: #ffffff !important;}\u00bb link=\u00bbhttp:\/\/ultrafreshsystems.com\/es\/natural-and-concentrated-detergents\/\u00bb]<div class=\"ult-spacer spacer-69ea578e7bedd\" data-id=\"69ea578e7bedd\" data-height=\"40\" data-height-mobile=\"20\" data-height-tab=\"\" data-height-tab-portrait=\"\" data-height-mobile-landscape=\"20\" style=\"clear:both;display:block;\"><\/div>[\/vc_column][vc_column width=\u00bb1\/4&#8243;]<div class=\"ult-spacer spacer-69ea578e7bee4\" data-id=\"69ea578e7bee4\" data-height=\"10\" data-height-mobile=\"20\" data-height-tab=\"\" data-height-tab-portrait=\"\" data-height-mobile-landscape=\"20\" style=\"clear:both;display:block;\"><\/div>[vc_single_image image=\u00bb5177&#8243; alignment=\u00bbcenter\u00bb style=\u00bbvc_box_outline\u00bb border_color=\u00bbturquoise\u00bb img_link_large=\u00bb\u00bb img_link_target=\u00bb_self\u00bb img_size=\u00bblarge\u00bb css=\u00bb.vc_custom_1445458208154{background-color: #ffffff !important;}\u00bb link=\u00bbhttp:\/\/ultrafreshsystems.com\/es\/carrera\/\u00bb]<div class=\"ult-spacer spacer-69ea578e7beeb\" data-id=\"69ea578e7beeb\" data-height=\"40\" data-height-mobile=\"20\" data-height-tab=\"\" data-height-tab-portrait=\"\" data-height-mobile-landscape=\"20\" style=\"clear:both;display:block;\"><\/div>[\/vc_column][\/vc_row][vc_row parallax_style=\u00bbvcpb-default\u00bb parallax_sense=\u00bb30&#8243; u_video_url=\u00bbhttps:\/\/www.youtube.com\/watch?v=ATh5s5t2i2c\u00bb video_opts=\u00bbloop,muted\u00bb bg_override=\u00bbex-full\u00bb parallax_content_sense=\u00bb30&#8243; fadeout_start_effect=\u00bb30&#8243; overlay_pattern_opacity=\u00bb80&#8243; multi_color_overlay=\u00bb\u00bb multi_color_overlay_opacity=\u00bb0.6&#8243; seperator_enable=\u00bbseperator_enable_value\u00bb seperator_type=\u00bbcurve_down_seperator\u00bb seperator_position=\u00bbbottom_seperator\u00bb seperator_shape_size=\u00bb40&#8243; seperator_svg_height=\u00bb60&#8243; seperator_shape_background=\u00bb#ffffff\u00bb seperator_shape_border_width=\u00bb1&#8243; icon_size=\u00bb32&#8243; icon_color_border=\u00bb#333333&#8243; icon_border_size=\u00bb1&#8243; icon_border_radius=\u00bb500&#8243; icon_border_spacing=\u00bb50&#8243; img_width=\u00bb48&#8243; bg_color_value=\u00bb#f7f7f7&#8243; bg_type=\u00bbvideo\u00bb full_width=\u00bbstretch_row_content_no_spaces\u00bb video_url=\u00bbhttp:\/\/ultrafreshsystems.com\/wp-content\/uploads\/2015\/09\/Water.mp4&#8243;][vc_column width=\u00bb1\/1&#8243;]<div class=\"ult-spacer spacer-69ea578e7bef3\" data-id=\"69ea578e7bef3\" data-height=\"80\" data-height-mobile=\"40\" data-height-tab=\"\" data-height-tab-portrait=\"40\" data-height-mobile-landscape=\"40\" style=\"clear:both;display:block;\"><\/div><div id=\"ultimate-heading69ea578e7bf1c\" class=\"uvc-heading ultimate-heading69ea578e7bf1c uvc-8540 \" data-hspacer=\"no_spacer\"  data-halign=\"center\" style=\"text-align:center\"><div class=\"uvc-main-heading ult-responsive\"  data-ultimate-target='.uvc-heading.ultimate-heading69ea578e7bf1c h3'  data-responsive-json-new='{\"font-size\":\"tablet_portrait:36px;mobile_landscape:28px;mobile:28px;\",\"line-height\":\"mobile_landscape:36px;mobile:36px;\"}' ><h3 style=\"font-family:'Raleway';font-weight:800;\">LO QUE DICEN NUESTROS CLIENTES<\/h3><\/div><div class=\"uvc-heading-spacer no_spacer\" style=\"margin-top:20px;margin-bottom:20px;\"><\/div><div class=\"uvc-sub-heading ult-responsive\"  data-ultimate-target='.uvc-heading.ultimate-heading69ea578e7bf1c .uvc-sub-heading '  data-responsive-json-new='{\"font-size\":\"desktop:18px;mobile_landscape:15px;mobile:15px;\",\"line-height\":\"\"}'  style=\"font-family:'Raleway';font-weight:300;\"><br \/>\n<\/div><\/div><div class=\"ult-spacer spacer-69ea578e7bf2f\" data-id=\"69ea578e7bf2f\" data-height=\"30\" data-height-mobile=\"10\" data-height-tab=\"\" data-height-tab-portrait=\"20\" data-height-mobile-landscape=\"10\" style=\"clear:both;display:block;\"><\/div><div id=\"testimonials-slider-1\" class=\"testimonials-style2 style-dark\"><ul class=\"slides styled-list\"><li class=\"testimonials-slide\"><div class=\"testimonials-slide-content container\"><div class=\"text-container\">Lucia Rea<span class=\"testimonials_text_content\"><p style=\"text-align: center;\"><span style=\"color: #26ade4;\">\r\nNosotros antes compr\u00e1bamos agua para tomar, pero compramos el filtro del agua y ahora lo usamos para tomar, cocinar y lavar los alimentos. Estamos contentos porque ya no tenemos que andar en las tiendas comprando agua. Se lo recomendamos a cualquier persona que lo necesite, es muy bueno.<\/span><\/p><\/span><\/div><\/div><\/li><li class=\"testimonials-slide\"><div class=\"testimonials-slide-content container\"><div class=\"text-container\">Jose Vasquez<span class=\"testimonials_text_content\"><p style=\"text-align: center;\"><span style=\"color: #26ade4;\">\r\nNosotros tenemos el sistema de agua para nuestra casa, y estamos muy satisfechos con el filtro, hemos notado los cambios en nuestra piel, pelo y en especial es muy bueno para nuestra salud. Por eso nosotros lo hemos recomendado a nuestros amigos.<\/span><\/p><\/span><\/div><\/div><\/li><li class=\"testimonials-slide\"><div class=\"testimonials-slide-content container\"><div class=\"text-container\">Anabel Diaz<span class=\"testimonials_text_content\"><p style=\"text-align: center;\"><span style=\"color: #26ade4;\">\r\nEstamos contentos con el sistema del agua porque el agua sale Buena y la estamos usando para tomar y todo uso. El producto es de buena calidad, lo recomiendo.<\/span><\/p><\/span><\/div><\/div><\/li><li class=\"testimonials-slide\"><div class=\"testimonials-slide-content container\"><div class=\"text-container\">Eva Sime\u00f3n<span class=\"testimonials_text_content\"><p style=\"text-align: center;\"><span style=\"color: #26ade4;\">\r\nYo estoy satisfecha con la compra. Me ha servido mucho especialmente el filtro de agua. Gracias a Ultrafresh!<\/span><\/p><\/span><\/div><\/div><\/li><li class=\"testimonials-slide\"><div class=\"testimonials-slide-content container\"><div class=\"text-container\">Walter Hern\u00e1ndez<span class=\"testimonials_text_content\"><p style=\"text-align: center;\"><span style=\"color: #26ade4;\">Estoy muy agradecido por el filtro que compre y tambi\u00e9n tuve muy buen trato en la presentaci\u00f3n estamos muy contentos de la compra del filtro por eso lo recomiendo a mi familia y amigos. Gracias Ultrafresh por todo!<\/span><\/p><\/span><\/div><\/div><\/li><li class=\"testimonials-slide\"><div class=\"testimonials-slide-content container\"><div class=\"text-container\">Norma Sotelo<span class=\"testimonials_text_content\"><p style=\"text-align: center;\"><span style=\"color: #26ade4;\">Me han salido muy buenos los productos, el filtro del agua lo ocupamos mucho tanto para cocinar como para tomar agua. Las ollas cocinamos sin tanto aceite, los recomiendo mucho.<\/span><\/p><\/span><\/div><\/div><\/li><li class=\"testimonials-slide\"><div class=\"testimonials-slide-content container\"><div class=\"text-container\">Olga Flores<span class=\"testimonials_text_content\"><p style=\"text-align: center;\"><span style=\"color: #26ade4;\">Recomendamos el filtro porque tenemos con el aproximadamente 3 a\u00f1os y nos ha funcionado muy bien nos ahorramos mucho  porque ahora ya no tenemos que estar comprado agua.<\/span><\/p><\/span><\/div><\/div><\/li><li class=\"testimonials-slide\"><div class=\"testimonials-slide-content container\"><div class=\"text-container\">Marco A. Eusebio<span class=\"testimonials_text_content\"><p style=\"text-align: center;\"><span style=\"color: #26ade4;\">Nosotros estamos contentos con el sistema del agua, el agua es buena y la usamos para todo en la casa, ya no tememos que cargar galones, hasta nuestro bebe toma agua del filtro. Lo recomiendo como un producto bueno.<\/span><\/p><\/span><\/div><\/div><\/li><li class=\"testimonials-slide\"><div class=\"testimonials-slide-content container\"><div class=\"text-container\">Familia Zuniga<span class=\"testimonials_text_content\"><p style=\"text-align: center;\"><span style=\"color: #26ade4;\">Hemos comprado el filtro de agua hace unos tres a\u00f1os y estamos muy satisfechos con la calidad y la purificaci\u00f3n. El pre-filtro necesita ser reemplazado y me sorprendi\u00f3 ver la cantidad de contaminaci\u00f3n que el filtro nos impidi\u00f3 beber. El representante, fue muy amable, profesional y bien informado. Ultimamente compramos tambi\u00e9n el sistema de filtraci\u00f3n de agua para toda la casa y una ducha. La mejora en el agua del grifo y en especial el hielo que viene de nuestra hielera es notable, no m\u00e1s olor a congelador. Han estado disponible para cualquier duda y es muy servicial. \u00c9l es un excelente representante de la empresa<\/span><\/p><\/span><\/div><\/div><\/li><li class=\"testimonials-slide\"><div class=\"testimonials-slide-content container\"><div class=\"text-container\">Alejandra Walding<span class=\"testimonials_text_content\"><p style=\"text-align: center;\"><span style=\"color: #26ade4;\">Estoy cien por ciento satisfecha con mi compra. Me encanta los productos y me siento tranquila porque s\u00e9 que le estoy dando una mejor calidad de vida a mis hijos, la atenci\u00f3n del representante ha sido excelente.<\/span><\/p><\/span><\/div><\/div><\/li><li class=\"testimonials-slide\"><div class=\"testimonials-slide-content container\"><div class=\"text-container\">Camerino Dom\u00ednguez<span class=\"testimonials_text_content\"><p style=\"text-align: center;\"><span style=\"color: #26ade4;\">El servicio de Lifetime es muy profesional, te atienden con mucha paciencia y con calma toman las cosas muy profesional. Nosotros en la familia utilizamos el purificador del agua de Ultrafresh para todo, especial mente para cocinar y lavar las verduras y frutas, porque le quita los qu\u00edmicos especial mente el cloro gracias Ultrafresh.<\/span><\/p><\/span><\/div><\/div><\/li><li class=\"testimonials-slide\"><div class=\"testimonials-slide-content container\"><div class=\"text-container\">Mar\u00eda Canales<span class=\"testimonials_text_content\"><p style=\"text-align: center;\"><span style=\"color: #26ade4;\">Hace unas semanas obtuvimos el sistema del agua ultra Fresh, hemos tenido una excelente experiencia, el agua es m\u00e1s limpia ya no sentimos el cloro, esta pura y la usamos sin miedo. Yo se lo recomiendo a mis amigos, vecinos y familiares porque es seguro. Le agradecemos al representante que nos atendi\u00f3 por habernos venido a dar la charla de salud y estamos muy contentos con el sistema del agua. Gracias y muchos saludos para cada uno de ustedes.<\/span><\/p><\/span><\/div><\/div><\/li><li class=\"testimonials-slide\"><div class=\"testimonials-slide-content container\"><div class=\"text-container\">Jose Vasquez<span class=\"testimonials_text_content\"><p style=\"text-align: center;\"><span style=\"color: #26ade4;\">Nosotros tenemos el sistema de agua para nuestra casa, y estamos muy satisfechos con el filtro, hemos notado los cambios en nuestra piel, pelo y en especial es muy bueno para nuestra salud. Por eso nosotros lo hemos recomendado a nuestros amigos.<\/span><\/p><\/span><\/div><\/div><\/li><li class=\"testimonials-slide\"><div class=\"testimonials-slide-content container\"><div class=\"text-container\">Santiago Fuentes<span class=\"testimonials_text_content\"><p style=\"text-align: center;\"><span style=\"color: #26ade4;\">Es bueno que le quita todo el cloro del agua y es m\u00e1s saludable. I like it! Es seguro para duchar a sus hijos, l\u00e1var las frutas, verduras y lavar la ropa. Estoy muy satisfecho y he hecho una buena decisi\u00f3n de compra del filtro.<\/span><\/p><\/span><\/div><\/div><\/li><li class=\"testimonials-slide\"><div class=\"testimonials-slide-content container\"><div class=\"text-container\">Juana Cedillo<span class=\"testimonials_text_content\"><p style=\"text-align: center;\"><span style=\"color: #26ade4;\">En relaci\u00f3n con la compra del filtro de agua, me encanta la sensaci\u00f3n despu\u00e9s de la ducha y la suavidad de la ropa! Tambi\u00e9n estoy muy satisfecho con los dem\u00e1s productos. He sido un cliente de Imperial Ware por cuatro a\u00f1os y estoy muy contenta porque me preocupo por mi familia y eso es lo que m\u00e1s importa a m\u00ed.<\/span><\/p><\/span><\/div><\/div><\/li><li class=\"testimonials-slide\"><div class=\"testimonials-slide-content container\"><div class=\"text-container\">Karla Maldonado<span class=\"testimonials_text_content\"><p style=\"text-align: center;\"><span style=\"color: #26ade4;\">He comprado el sistema de filtro de agua hace unos d\u00edas y ahora me siento m\u00e1s segura con el agua potable. Tengo una hija de dos a\u00f1os, me siento m\u00e1s segura para ba\u00f1arla y por su salud. El representante fue muy amable y me explic\u00f3 todo paso a paso.<\/span><\/p><\/span><\/div><\/div><\/li><li class=\"testimonials-slide\"><div class=\"testimonials-slide-content container\"><div class=\"text-container\">Tomas Garay<span class=\"testimonials_text_content\"><p style=\"text-align: center;\"><span style=\"color: #26ade4;\">The Ultra Fresh \u00ae system functions perfectly and I'm very satisfied with the quality of the water. I feel very secure to use the water when cooking and showering my daughters. I don't have to worry about ingesting water, clothes fading and our skin feels a lot softer. I am more than pleased with the Ultra Fresh performance.<\/span><\/p><\/span><\/div><\/div><\/li><\/ul><\/div>\r\n\t\t<script type=\"text\/javascript\">\r\n\t\t  jQuery(document).ready(function(){\r\n\t\t\t\tvar who = jQuery('#testimonials-slider-1 ul.slides');\r\n\t\t\t\t\r\n\t\t\t\tvar opts = ['fade','vertical','yes','8500','1000','yes','yes','yes','dark'];\r\n\t\t\t\t\r\n\t\t\t\tif (opts[2] == 'yes') opts[2] = true; else opts[2] = false;\r\n\t\t\t\tif (opts[5] == 'yes') {\r\n\t\t\t\t\topts[5] = true;\r\n\t\t\t\t} else opts[5] = false;\r\n\t\t\t\tif (opts[6] == 'yes') {\r\n\t\t\t\t\topts[6] = true;\r\n\t\t\t\t} else opts[6] = false;\r\n\t\t\t\tif (opts[7] == 'yes') opts[7] = true; else opts[7] = false;\t\t\t\t\r\n\t\t\t\tif (opts[0] == 'fade') opts[0] = true; else opts[0] = false;\r\n\t\t\t\t\r\n\t\t\t\twho.slick({\r\n\t\t\t\t\tfade: opts[0],\r\n\t\t\t\t\tdots: opts[6], \r\n\t\t\t\t\tautoplay: opts[2], \r\n\t\t\t\t\tautoplaySpeed:opts[3], speed:opts[4], infinite: true,\r\n\t\t\t\t\tarrows: opts[5],\r\n\t\t\t\t\tadaptiveHeight:true,\r\n\t\t\t\t\tnextArrow:'<button type=\"button\" style=\"color:#333333; font-size:24px;\" class=\"slick-next default\"><i class=\"ultsl-arrow-right6\"><\/i><\/button>',\r\n\t\t\t\t\tprevArrow:'<button type=\"button\" style=\"color:#333333; font-size:24px;\" class=\"slick-prev default\"><i class=\"ultsl-arrow-left6\"><\/i><\/button>',\r\n\t\t\t\t\tswipe:true,\r\n\t\t\t\t\tdraggable:true,\r\n\t\t\t\t\ttouchMove:true,\r\n\t\t\t\t\tslidesToScroll: 1,\r\n\t\t\t\t\tslidesToShow: 1,\r\n\t\t\t\t\tpauseOnHover:opts[7],\r\n\t\t\t\t\tpauseOnDotsHover:opts[7],\r\n\t\t\t\t\tcustomPaging:function(slider,i){\r\n\t\t\t\t\t\treturn'<i type=\"button\" style=\"color:#333333;\" class=\"ultsl-record\" data-role=\"none\"><\/i>';\r\n\t\t\t\t\t}\r\n\t\t\t\t});\r\n\t\t\t\t\r\n\t\t  });\r\n\t\t  <\/script><div class=\"ult-spacer spacer-69ea578e7cfe5\" data-id=\"69ea578e7cfe5\" data-height=\"80\" data-height-mobile=\"40\" data-height-tab=\"\" data-height-tab-portrait=\"40\" data-height-mobile-landscape=\"40\" style=\"clear:both;display:block;\"><\/div>[\/vc_column][\/vc_row][vc_row full_width=\u00bb\u00bb parallax=\u00bb\u00bb parallax_image=\u00bb\u00bb bg_type=\u00bb\u00bb parallax_style=\u00bb\u00bb bg_image_new=\u00bb\u00bb layer_image=\u00bb\u00bb bg_image_repeat=\u00bb\u00bb bg_image_size=\u00bb\u00bb bg_cstm_size=\u00bb\u00bb bg_img_attach=\u00bb\u00bb parallax_sense=\u00bb\u00bb bg_image_posiiton=\u00bb\u00bb animation_direction=\u00bb\u00bb animation_repeat=\u00bb\u00bb video_url=\u00bb\u00bb video_url_2=\u00bb\u00bb u_video_url=\u00bb\u00bb video_opts=\u00bb\u00bb video_poster=\u00bb\u00bb u_start_time=\u00bb\u00bb u_stop_time=\u00bb\u00bb viewport_vdo=\u00bb\u00bb enable_controls=\u00bb\u00bb bg_override=\u00bb\u00bb disable_on_mobile_img_parallax=\u00bb\u00bb parallax_content=\u00bb\u00bb parallax_content_sense=\u00bb\u00bb fadeout_row=\u00bb\u00bb fadeout_start_effect=\u00bb\u00bb enable_overlay=\u00bb\u00bb overlay_color=\u00bb\u00bb overlay_pattern=\u00bb\u00bb overlay_pattern_opacity=\u00bb\u00bb overlay_pattern_size=\u00bb\u00bb overlay_pattern_attachment=\u00bb\u00bb multi_color_overlay=\u00bb\u00bb multi_color_overlay_opacity=\u00bb\u00bb seperator_enable=\u00bb\u00bb seperator_type=\u00bb\u00bb seperator_position=\u00bb\u00bb seperator_shape_size=\u00bb\u00bb seperator_svg_height=\u00bb\u00bb seperator_shape_background=\u00bb\u00bb seperator_shape_border=\u00bb\u00bb seperator_shape_border_color=\u00bb\u00bb seperator_shape_border_width=\u00bb\u00bb icon_type=\u00bb\u00bb icon=\u00bb\u00bb icon_size=\u00bb\u00bb icon_color=\u00bb\u00bb icon_style=\u00bb\u00bb icon_color_bg=\u00bb\u00bb icon_border_style=\u00bb\u00bb icon_color_border=\u00bb\u00bb icon_border_size=\u00bb\u00bb icon_border_radius=\u00bb\u00bb icon_border_spacing=\u00bb\u00bb icon_img=\u00bb\u00bb img_width=\u00bb\u00bb ult_hide_row=\u00bb\u00bb ult_hide_row_large_screen=\u00bb\u00bb ult_hide_row_desktop=\u00bb\u00bb ult_hide_row_tablet=\u00bb\u00bb ult_hide_row_tablet_small=\u00bb\u00bb ult_hide_row_mobile=\u00bb\u00bb ult_hide_row_mobile_large=\u00bb\u00bb][vc_column width=\u00bb1\/1&#8243;]<div class=\"ult-spacer spacer-69ea578e7cff1\" data-id=\"69ea578e7cff1\" data-height=\"60\" data-height-mobile=\"50\" data-height-tab=\"\" data-height-tab-portrait=\"50\" data-height-mobile-landscape=\"50\" style=\"clear:both;display:block;\"><\/div>[vc_column_text]<\/p>\n<p style=\"text-align: center;\">Todas estas marcas confiables son marcas registradas de Imperial Ware Inc. (Empresa matriz).<\/p>\n<p>[\/vc_column_text][vc_column_text]<\/p>\n<ul class=\"kiwi-logo-carousel kiwi-logo-carousel-logos default align-center col4\"><li style=\"height:150px;\" ><div class=\"helper\" style=\"height:150px; width:200px;\" ><img decoding=\"async\" src=\"https:\/\/www.ultrafreshsystems.com\/wp-content\/uploads\/2015\/07\/ultrafresh.png\" alt=\"Ultra Fresh\" title=\"Ultra Fresh\" style=\"max-width:200px; padding-left: 0px; padding-right:0px\" ><\/div><\/li><li style=\"height:150px;\" ><div class=\"helper\" style=\"height:150px; width:200px;\" ><img decoding=\"async\" src=\"https:\/\/www.ultrafreshsystems.com\/wp-content\/uploads\/2015\/06\/imp-iwc.png\" alt=\"Imperial Ware\" title=\"Imperial Ware\" style=\"max-width:200px; padding-left: 0px; padding-right:0px\" ><\/div><\/li><li style=\"height:150px;\" ><div class=\"helper\" style=\"height:150px; width:200px;\" ><img decoding=\"async\" src=\"https:\/\/www.ultrafreshsystems.com\/wp-content\/uploads\/2015\/09\/aire-logo.png\" alt=\"Aire\" title=\"Aire\" style=\"max-width:200px; padding-left: 0px; padding-right:0px\" ><\/div><\/li><li style=\"height:150px;\" ><div class=\"helper\" style=\"height:150px; width:200px;\" ><img decoding=\"async\" src=\"https:\/\/www.ultrafreshsystems.com\/wp-content\/uploads\/2015\/09\/uhp.png\" alt=\"ultra hygenic products\" title=\"ultra hygenic products\" style=\"max-width:200px; padding-left: 0px; padding-right:0px\" ><\/div><\/li><li style=\"height:150px;\" ><div class=\"helper\" style=\"height:150px; width:200px;\" ><img decoding=\"async\" src=\"https:\/\/www.ultrafreshsystems.com\/wp-content\/uploads\/2015\/06\/lifetime.png\" alt=\"lifetime ultra health\" title=\"lifetime ultra health\" style=\"max-width:200px; padding-left: 0px; padding-right:0px\" ><\/div><\/li><\/ul>\n<p>[\/vc_column_text]<div class=\"ult-spacer spacer-69ea578e7f15c\" data-id=\"69ea578e7f15c\" data-height=\"30\" data-height-mobile=\"20\" data-height-tab=\"\" data-height-tab-portrait=\"\" data-height-mobile-landscape=\"20\" style=\"clear:both;display:block;\"><\/div>[vc_column_text]<\/p>\n<p style=\"text-align: center;\">Para obtener m\u00e1s informaci\u00f3n acerca de estos productos o sobre c\u00f3mo convertirse en distribuidor, p\u00f3ngase en contacto con nosotros. (Hay acuerdos de distribuci\u00f3n disponibles para: Canad\u00e1, Europa, Puerto Rico, Centro y Sudam\u00e9rica)<\/p>\n<p>[\/vc_column_text]<div class=\"ult-spacer spacer-69ea578e7f16a\" data-id=\"69ea578e7f16a\" data-height=\"40\" data-height-mobile=\"10\" data-height-tab=\"\" data-height-tab-portrait=\"20\" data-height-mobile-landscape=\"10\" style=\"clear:both;display:block;\"><\/div>[\/vc_column][\/vc_row]<\/p>\n<\/div>","protected":false},"excerpt":{"rendered":"<p>[vc_row bg_type=\u00bbbg_color\u00bb video_opts=\u00bbloop,muted\u00bb bg_override=\u00bbex-full\u00bb multi_color_overlay=\u00bb\u00bb css=\u00bb.vc_custom_1442438576548{margin-top: 80px !important;}\u00bb bg_color_value=\u00bb#ffffff\u00bb el_class=\u00bbmobile-no-padding\u00bb u_video_url=\u00bbhttps:\/\/www.youtube.com\/watch?v=u1gh5N_Hrwk&amp;feature=youtu.be\u00bb parallax_style=\u00bbvcpb-default\u00bb bg_image_new=\u00bb3001|http:\/\/ultrafreshsystems.com\/wp-content\/uploads\/2015\/07\/about-us.png\u00bb bg_image_repeat=\u00bbno-repeat\u00bb][vc_column width=\u00bb1\/4&#8243;][vc_single_image image=\u00bb5173&#8243; border_color=\u00bbturquoise\u00bb img_link_large=\u00bb\u00bb img_link_target=\u00bb_self\u00bb img_size=\u00bblarge\u00bb alignment=\u00bbcenter\u00bb style=\u00bbvc_box_outline\u00bb css=\u00bb.vc_custom_1445458153831{background-color: #ffffff !important;}\u00bb link=\u00bbhttp:\/\/ultrafreshsystems.com\/es\/ultra-hygienic-air-purification-system\/\u00bb][\/vc_column][vc_column width=\u00bb1\/4&#8243;][vc_single_image image=\u00bb5175&#8243; alignment=\u00bbcenter\u00bb style=\u00bbvc_box_outline\u00bb border_color=\u00bbturquoise\u00bb img_link_large=\u00bb\u00bb img_link_target=\u00bb_self\u00bb img_size=\u00bblarge\u00bb css=\u00bb.vc_custom_1445458168552{background-color: #ffffff !important;}\u00bb link=\u00bbhttp:\/\/ultrafreshsystems.com\/es\/products\/\u00bb][\/vc_column][vc_column width=\u00bb1\/4&#8243;][vc_single_image image=\u00bb5176&#8243; alignment=\u00bbcenter\u00bb style=\u00bbvc_box_outline\u00bb border_color=\u00bbturquoise\u00bb img_link_large=\u00bb\u00bb img_link_target=\u00bb_self\u00bb img_size=\u00bblarge\u00bb css=\u00bb.vc_custom_1445532256046{background-color: #ffffff !important;}\u00bb link=\u00bbhttp:\/\/ultrafreshsystems.com\/es\/natural-and-concentrated-detergents\/\u00bb][\/vc_column][vc_column width=\u00bb1\/4&#8243;][vc_single_image image=\u00bb5177&#8243; alignment=\u00bbcenter\u00bb style=\u00bbvc_box_outline\u00bb border_color=\u00bbturquoise\u00bb [&hellip;]<\/p>\n","protected":false},"author":1,"featured_media":0,"parent":0,"menu_order":0,"comment_status":"open","ping_status":"open","template":"template-home.php","meta":{"_exactmetrics_skip_tracking":false,"_exactmetrics_sitenote_active":false,"_exactmetrics_sitenote_note":"","_exactmetrics_sitenote_category":0,"footnotes":""},"class_list":["post-4649","page","type-page","status-publish","hentry"],"_links":{"self":[{"href":"https:\/\/www.ultrafreshsystems.com\/es\/wp-json\/wp\/v2\/pages\/4649","targetHints":{"allow":["GET"]}}],"collection":[{"href":"https:\/\/www.ultrafreshsystems.com\/es\/wp-json\/wp\/v2\/pages"}],"about":[{"href":"https:\/\/www.ultrafreshsystems.com\/es\/wp-json\/wp\/v2\/types\/page"}],"author":[{"embeddable":true,"href":"https:\/\/www.ultrafreshsystems.com\/es\/wp-json\/wp\/v2\/users\/1"}],"replies":[{"embeddable":true,"href":"https:\/\/www.ultrafreshsystems.com\/es\/wp-json\/wp\/v2\/comments?post=4649"}],"version-history":[{"count":11,"href":"https:\/\/www.ultrafreshsystems.com\/es\/wp-json\/wp\/v2\/pages\/4649\/revisions"}],"predecessor-version":[{"id":5814,"href":"https:\/\/www.ultrafreshsystems.com\/es\/wp-json\/wp\/v2\/pages\/4649\/revisions\/5814"}],"wp:attachment":[{"href":"https:\/\/www.ultrafreshsystems.com\/es\/wp-json\/wp\/v2\/media?parent=4649"}],"curies":[{"name":"wp","href":"https:\/\/api.w.org\/{rel}","templated":true}]}}