{"id":4692,"date":"2015-09-11T19:28:49","date_gmt":"2015-09-11T19:28:49","guid":{"rendered":"http:\/\/ultrafreshsystems.com\/es\/carrera\/your-benefits\/"},"modified":"2015-10-26T03:54:43","modified_gmt":"2015-10-26T03:54:43","slug":"your-benefits","status":"publish","type":"page","link":"https:\/\/www.ultrafreshsystems.com\/es\/carrera\/your-benefits\/","title":{"rendered":"Your Benefits"},"content":{"rendered":"<div class=\"wpb-content-wrapper\"><p>[vc_row full_width=\u00bb\u00bb parallax=\u00bb\u00bb parallax_image=\u00bb\u00bb bg_type=\u00bb\u00bb parallax_style=\u00bb\u00bb bg_image_new=\u00bb\u00bb layer_image=\u00bb\u00bb bg_image_repeat=\u00bb\u00bb bg_image_size=\u00bb\u00bb bg_cstm_size=\u00bb\u00bb bg_img_attach=\u00bb\u00bb parallax_sense=\u00bb\u00bb bg_image_posiiton=\u00bb\u00bb animation_direction=\u00bb\u00bb animation_repeat=\u00bb\u00bb video_url=\u00bb\u00bb video_url_2=\u00bb\u00bb u_video_url=\u00bb\u00bb video_opts=\u00bb\u00bb video_poster=\u00bb\u00bb u_start_time=\u00bb\u00bb u_stop_time=\u00bb\u00bb viewport_vdo=\u00bb\u00bb enable_controls=\u00bb\u00bb bg_override=\u00bb\u00bb disable_on_mobile_img_parallax=\u00bb\u00bb parallax_content=\u00bb\u00bb parallax_content_sense=\u00bb\u00bb fadeout_row=\u00bb\u00bb fadeout_start_effect=\u00bb\u00bb enable_overlay=\u00bb\u00bb overlay_color=\u00bb\u00bb overlay_pattern=\u00bb\u00bb overlay_pattern_opacity=\u00bb\u00bb overlay_pattern_size=\u00bb\u00bb overlay_pattern_attachment=\u00bb\u00bb multi_color_overlay=\u00bb\u00bb multi_color_overlay_opacity=\u00bb\u00bb seperator_enable=\u00bb\u00bb seperator_type=\u00bb\u00bb seperator_position=\u00bb\u00bb seperator_shape_size=\u00bb\u00bb seperator_svg_height=\u00bb\u00bb seperator_shape_background=\u00bb\u00bb seperator_shape_border=\u00bb\u00bb seperator_shape_border_color=\u00bb\u00bb seperator_shape_border_width=\u00bb\u00bb icon_type=\u00bb\u00bb icon=\u00bb\u00bb icon_size=\u00bb\u00bb icon_color=\u00bb\u00bb icon_style=\u00bb\u00bb icon_color_bg=\u00bb\u00bb icon_border_style=\u00bb\u00bb icon_color_border=\u00bb\u00bb icon_border_size=\u00bb\u00bb icon_border_radius=\u00bb\u00bb icon_border_spacing=\u00bb\u00bb icon_img=\u00bb\u00bb img_width=\u00bb\u00bb ult_hide_row=\u00bb\u00bb ult_hide_row_large_screen=\u00bb\u00bb ult_hide_row_desktop=\u00bb\u00bb ult_hide_row_tablet=\u00bb\u00bb ult_hide_row_tablet_small=\u00bb\u00bb ult_hide_row_mobile=\u00bb\u00bb ult_hide_row_mobile_large=\u00bb\u00bb el_id=\u00bb\u00bb][vc_column width=\u00bb1\/3&#8243;][vc_column_text]<img loading=\"lazy\" decoding=\"async\" class=\"alignnone size-full wp-image-5469\" src=\"http:\/\/ultrafreshsystems.com\/wp-content\/uploads\/2015\/10\/beneficios.png\" alt=\"beneficios\" width=\"353\" height=\"353\" srcset=\"https:\/\/www.ultrafreshsystems.com\/wp-content\/uploads\/2015\/10\/beneficios.png 400w, https:\/\/www.ultrafreshsystems.com\/wp-content\/uploads\/2015\/10\/beneficios-150x150.png 150w, https:\/\/www.ultrafreshsystems.com\/wp-content\/uploads\/2015\/10\/beneficios-300x300.png 300w\" sizes=\"auto, (max-width: 353px) 100vw, 353px\" \/><\/p>\n<p><img loading=\"lazy\" decoding=\"async\" class=\"alignnone wp-image-5449\" src=\"http:\/\/ultrafreshsystems.com\/wp-content\/uploads\/2015\/10\/estas-aqui-blue.png\" alt=\"estas-aqui-blue\" width=\"353\" height=\"98\" srcset=\"https:\/\/www.ultrafreshsystems.com\/wp-content\/uploads\/2015\/10\/estas-aqui-blue.png 400w, https:\/\/www.ultrafreshsystems.com\/wp-content\/uploads\/2015\/10\/estas-aqui-blue-300x83.png 300w\" sizes=\"auto, (max-width: 353px) 100vw, 353px\" \/>[\/vc_column_text][\/vc_column][vc_column width=\u00bb1\/3&#8243;][vc_column_text]<a href=\"http:\/\/ultrafreshsystems.com\/wp-content\/uploads\/2015\/10\/adiestramiento.png\"><img loading=\"lazy\" decoding=\"async\" class=\"alignnone size-full wp-image-5468\" src=\"http:\/\/ultrafreshsystems.com\/wp-content\/uploads\/2015\/10\/adiestramiento.png\" alt=\"adiestramiento\" width=\"353\" height=\"353\" srcset=\"https:\/\/www.ultrafreshsystems.com\/wp-content\/uploads\/2015\/10\/adiestramiento.png 400w, https:\/\/www.ultrafreshsystems.com\/wp-content\/uploads\/2015\/10\/adiestramiento-150x150.png 150w, https:\/\/www.ultrafreshsystems.com\/wp-content\/uploads\/2015\/10\/adiestramiento-300x300.png 300w\" sizes=\"auto, (max-width: 353px) 100vw, 353px\" \/><\/a><\/p>\n<p><a href=\"http:\/\/ultrafreshsystems.com\/es\/training-and-support\/\"><img loading=\"lazy\" decoding=\"async\" class=\"alignnone wp-image-5456\" src=\"http:\/\/ultrafreshsystems.com\/wp-content\/uploads\/2015\/10\/ver-mas-green.png\" alt=\"ver-mas-green\" width=\"353\" height=\"31\" \/><\/a>[\/vc_column_text][\/vc_column][vc_column width=\u00bb1\/3&#8243;][vc_column_text]<img loading=\"lazy\" decoding=\"async\" class=\"alignnone wp-image-5470\" src=\"http:\/\/ultrafreshsystems.com\/wp-content\/uploads\/2015\/10\/unete.png\" alt=\"unete\" width=\"353\" height=\"353\" srcset=\"https:\/\/www.ultrafreshsystems.com\/wp-content\/uploads\/2015\/10\/unete.png 400w, https:\/\/www.ultrafreshsystems.com\/wp-content\/uploads\/2015\/10\/unete-150x150.png 150w, https:\/\/www.ultrafreshsystems.com\/wp-content\/uploads\/2015\/10\/unete-300x300.png 300w\" sizes=\"auto, (max-width: 353px) 100vw, 353px\" \/><\/p>\n<p><a href=\"http:\/\/ultrafreshsystems.com\/es\/carrera\/join-the-company\/\"><img loading=\"lazy\" decoding=\"async\" class=\"alignnone wp-image-5457\" src=\"http:\/\/ultrafreshsystems.com\/wp-content\/uploads\/2015\/10\/ver-mas-red.png\" alt=\"ver-mas-red\" width=\"353\" height=\"31\" \/><\/a>[\/vc_column_text][\/vc_column][\/vc_row][vc_row full_width=\u00bb\u00bb parallax=\u00bb\u00bb parallax_image=\u00bb\u00bb bg_type=\u00bb\u00bb parallax_style=\u00bb\u00bb bg_image_new=\u00bb\u00bb layer_image=\u00bb\u00bb bg_image_repeat=\u00bb\u00bb bg_image_size=\u00bb\u00bb bg_cstm_size=\u00bb\u00bb bg_img_attach=\u00bb\u00bb parallax_sense=\u00bb\u00bb bg_image_posiiton=\u00bb\u00bb animation_direction=\u00bb\u00bb animation_repeat=\u00bb\u00bb video_url=\u00bb\u00bb video_url_2=\u00bb\u00bb u_video_url=\u00bb\u00bb video_opts=\u00bb\u00bb video_poster=\u00bb\u00bb u_start_time=\u00bb\u00bb u_stop_time=\u00bb\u00bb viewport_vdo=\u00bb\u00bb enable_controls=\u00bb\u00bb bg_override=\u00bb\u00bb disable_on_mobile_img_parallax=\u00bb\u00bb parallax_content=\u00bb\u00bb parallax_content_sense=\u00bb\u00bb fadeout_row=\u00bb\u00bb fadeout_start_effect=\u00bb\u00bb enable_overlay=\u00bb\u00bb overlay_color=\u00bb\u00bb overlay_pattern=\u00bb\u00bb overlay_pattern_opacity=\u00bb\u00bb overlay_pattern_size=\u00bb\u00bb overlay_pattern_attachment=\u00bb\u00bb multi_color_overlay=\u00bb\u00bb multi_color_overlay_opacity=\u00bb\u00bb seperator_enable=\u00bb\u00bb seperator_type=\u00bb\u00bb seperator_position=\u00bb\u00bb seperator_shape_size=\u00bb\u00bb seperator_svg_height=\u00bb\u00bb seperator_shape_background=\u00bb\u00bb seperator_shape_border=\u00bb\u00bb seperator_shape_border_color=\u00bb\u00bb seperator_shape_border_width=\u00bb\u00bb icon_type=\u00bb\u00bb icon=\u00bb\u00bb icon_size=\u00bb\u00bb icon_color=\u00bb\u00bb icon_style=\u00bb\u00bb icon_color_bg=\u00bb\u00bb icon_border_style=\u00bb\u00bb icon_color_border=\u00bb\u00bb icon_border_size=\u00bb\u00bb icon_border_radius=\u00bb\u00bb icon_border_spacing=\u00bb\u00bb icon_img=\u00bb\u00bb img_width=\u00bb\u00bb ult_hide_row=\u00bb\u00bb ult_hide_row_large_screen=\u00bb\u00bb ult_hide_row_desktop=\u00bb\u00bb ult_hide_row_tablet=\u00bb\u00bb ult_hide_row_tablet_small=\u00bb\u00bb ult_hide_row_mobile=\u00bb\u00bb ult_hide_row_mobile_large=\u00bb\u00bb][vc_column width=\u00bb1\/1&#8243;]<div class=\"ult-spacer spacer-69ea40988e60a\" data-id=\"69ea40988e60a\" data-height=\"40\" data-height-mobile=\"40\" data-height-tab=\"40\" data-height-tab-portrait=\"\" data-height-mobile-landscape=\"\" style=\"clear:both;display:block;\"><\/div>[\/vc_column][\/vc_row][vc_row full_width=\u00bb\u00bb parallax=\u00bb\u00bb parallax_image=\u00bb\u00bb bg_type=\u00bb\u00bb parallax_style=\u00bb\u00bb bg_image_new=\u00bb\u00bb layer_image=\u00bb\u00bb bg_image_repeat=\u00bb\u00bb bg_image_size=\u00bb\u00bb bg_cstm_size=\u00bb\u00bb bg_img_attach=\u00bb\u00bb parallax_sense=\u00bb\u00bb bg_image_posiiton=\u00bb\u00bb animation_direction=\u00bb\u00bb animation_repeat=\u00bb\u00bb video_url=\u00bb\u00bb video_url_2=\u00bb\u00bb u_video_url=\u00bb\u00bb video_opts=\u00bb\u00bb video_poster=\u00bb\u00bb u_start_time=\u00bb\u00bb u_stop_time=\u00bb\u00bb viewport_vdo=\u00bb\u00bb enable_controls=\u00bb\u00bb bg_override=\u00bb\u00bb disable_on_mobile_img_parallax=\u00bb\u00bb parallax_content=\u00bb\u00bb parallax_content_sense=\u00bb\u00bb fadeout_row=\u00bb\u00bb fadeout_start_effect=\u00bb\u00bb enable_overlay=\u00bb\u00bb overlay_color=\u00bb\u00bb overlay_pattern=\u00bb\u00bb overlay_pattern_opacity=\u00bb\u00bb overlay_pattern_size=\u00bb\u00bb overlay_pattern_attachment=\u00bb\u00bb multi_color_overlay=\u00bb\u00bb multi_color_overlay_opacity=\u00bb\u00bb seperator_enable=\u00bb\u00bb seperator_type=\u00bb\u00bb seperator_position=\u00bb\u00bb seperator_shape_size=\u00bb\u00bb seperator_svg_height=\u00bb\u00bb seperator_shape_background=\u00bb\u00bb seperator_shape_border=\u00bb\u00bb seperator_shape_border_color=\u00bb\u00bb seperator_shape_border_width=\u00bb\u00bb icon_type=\u00bb\u00bb icon=\u00bb\u00bb icon_size=\u00bb\u00bb icon_color=\u00bb\u00bb icon_style=\u00bb\u00bb icon_color_bg=\u00bb\u00bb icon_border_style=\u00bb\u00bb icon_color_border=\u00bb\u00bb icon_border_size=\u00bb\u00bb icon_border_radius=\u00bb\u00bb icon_border_spacing=\u00bb\u00bb icon_img=\u00bb\u00bb img_width=\u00bb\u00bb ult_hide_row=\u00bb\u00bb ult_hide_row_large_screen=\u00bb\u00bb ult_hide_row_desktop=\u00bb\u00bb ult_hide_row_tablet=\u00bb\u00bb ult_hide_row_tablet_small=\u00bb\u00bb ult_hide_row_mobile=\u00bb\u00bb ult_hide_row_mobile_large=\u00bb\u00bb el_id=\u00bb\u00bb][vc_column width=\u00bb1\/3&#8243;][vc_single_image image=\u00bb3339&#8243; alignment=\u00bbcenter\u00bb border_color=\u00bbgrey\u00bb img_link_large=\u00bb\u00bb img_link_target=\u00bb_self\u00bb img_size=\u00bb353&#215;353&#8243;][vc_column_text]<\/p>\n<p>Programa de garant\u00eda de pagos*: contamos con un programa de garant\u00eda de pagos que se basa en las demostraciones realizadas durante el mes, algunos de nuestros nuevos distribuidores ganan en su primer mes de $ 2700 a $4000<\/p>\n<p>[\/vc_column_text][\/vc_column][vc_column width=\u00bb1\/3&#8243;][vc_single_image image=\u00bb3328&#8243; alignment=\u00bbcenter\u00bb border_color=\u00bbgrey\u00bb img_link_large=\u00bb\u00bb img_link_target=\u00bb_self\u00bb img_size=\u00bb353&#215;353&#8243;][vc_column_text]<\/p>\n<p>Programa de autom\u00f3vil: Con Imperial Ware, usted aprender\u00e1 a establecer objetivos y a alcanzarlos. Nuestro programa de autom\u00f3vil de la empresa ser\u00e1 uno de los numerosos concursos en los que podr\u00e1 participar.<\/p>\n<p>[\/vc_column_text][\/vc_column][vc_column width=\u00bb1\/3&#8243;][vc_single_image image=\u00bb3333&#8243; alignment=\u00bbcenter\u00bb border_color=\u00bbgrey\u00bb img_link_large=\u00bb\u00bb img_link_target=\u00bb_self\u00bb img_size=\u00bb353&#215;353&#8243;][vc_column_text]<\/p>\n<p>Viajes: Emprenda los viajes que siempre ha querido realizar: puede explorar las maravillas del mundo y hacerlo con un estilo que solamente se ha imaginado.<\/p>\n<p>[\/vc_column_text][\/vc_column][\/vc_row][vc_row full_width=\u00bb\u00bb parallax=\u00bb\u00bb parallax_image=\u00bb\u00bb bg_type=\u00bb\u00bb parallax_style=\u00bb\u00bb bg_image_new=\u00bb\u00bb layer_image=\u00bb\u00bb bg_image_repeat=\u00bb\u00bb bg_image_size=\u00bb\u00bb bg_cstm_size=\u00bb\u00bb bg_img_attach=\u00bb\u00bb parallax_sense=\u00bb\u00bb bg_image_posiiton=\u00bb\u00bb animation_direction=\u00bb\u00bb animation_repeat=\u00bb\u00bb video_url=\u00bb\u00bb video_url_2=\u00bb\u00bb u_video_url=\u00bb\u00bb video_opts=\u00bb\u00bb video_poster=\u00bb\u00bb u_start_time=\u00bb\u00bb u_stop_time=\u00bb\u00bb viewport_vdo=\u00bb\u00bb enable_controls=\u00bb\u00bb bg_override=\u00bb\u00bb disable_on_mobile_img_parallax=\u00bb\u00bb parallax_content=\u00bb\u00bb parallax_content_sense=\u00bb\u00bb fadeout_row=\u00bb\u00bb fadeout_start_effect=\u00bb\u00bb enable_overlay=\u00bb\u00bb overlay_color=\u00bb\u00bb overlay_pattern=\u00bb\u00bb overlay_pattern_opacity=\u00bb\u00bb overlay_pattern_size=\u00bb\u00bb overlay_pattern_attachment=\u00bb\u00bb multi_color_overlay=\u00bb\u00bb multi_color_overlay_opacity=\u00bb\u00bb seperator_enable=\u00bb\u00bb seperator_type=\u00bb\u00bb seperator_position=\u00bb\u00bb seperator_shape_size=\u00bb\u00bb seperator_svg_height=\u00bb\u00bb seperator_shape_background=\u00bb\u00bb seperator_shape_border=\u00bb\u00bb seperator_shape_border_color=\u00bb\u00bb seperator_shape_border_width=\u00bb\u00bb icon_type=\u00bb\u00bb icon=\u00bb\u00bb icon_size=\u00bb\u00bb icon_color=\u00bb\u00bb icon_style=\u00bb\u00bb icon_color_bg=\u00bb\u00bb icon_border_style=\u00bb\u00bb icon_color_border=\u00bb\u00bb icon_border_size=\u00bb\u00bb icon_border_radius=\u00bb\u00bb icon_border_spacing=\u00bb\u00bb icon_img=\u00bb\u00bb img_width=\u00bb\u00bb ult_hide_row=\u00bb\u00bb ult_hide_row_large_screen=\u00bb\u00bb ult_hide_row_desktop=\u00bb\u00bb ult_hide_row_tablet=\u00bb\u00bb ult_hide_row_tablet_small=\u00bb\u00bb ult_hide_row_mobile=\u00bb\u00bb ult_hide_row_mobile_large=\u00bb\u00bb el_id=\u00bb\u00bb][vc_column width=\u00bb1\/1&#8243;]<div class=\"ult-spacer spacer-69ea40988e648\" data-id=\"69ea40988e648\" data-height=\"20\" data-height-mobile=\"20\" data-height-tab=\"20\" data-height-tab-portrait=\"\" data-height-mobile-landscape=\"\" style=\"clear:both;display:block;\"><\/div>[\/vc_column][\/vc_row][vc_row full_width=\u00bb\u00bb parallax=\u00bb\u00bb parallax_image=\u00bb\u00bb bg_type=\u00bb\u00bb parallax_style=\u00bb\u00bb bg_image_new=\u00bb\u00bb layer_image=\u00bb\u00bb bg_image_repeat=\u00bb\u00bb bg_image_size=\u00bb\u00bb bg_cstm_size=\u00bb\u00bb bg_img_attach=\u00bb\u00bb parallax_sense=\u00bb\u00bb bg_image_posiiton=\u00bb\u00bb animation_direction=\u00bb\u00bb animation_repeat=\u00bb\u00bb video_url=\u00bb\u00bb video_url_2=\u00bb\u00bb u_video_url=\u00bb\u00bb video_opts=\u00bb\u00bb video_poster=\u00bb\u00bb u_start_time=\u00bb\u00bb u_stop_time=\u00bb\u00bb viewport_vdo=\u00bb\u00bb enable_controls=\u00bb\u00bb bg_override=\u00bb\u00bb disable_on_mobile_img_parallax=\u00bb\u00bb parallax_content=\u00bb\u00bb parallax_content_sense=\u00bb\u00bb fadeout_row=\u00bb\u00bb fadeout_start_effect=\u00bb\u00bb enable_overlay=\u00bb\u00bb overlay_color=\u00bb\u00bb overlay_pattern=\u00bb\u00bb overlay_pattern_opacity=\u00bb\u00bb overlay_pattern_size=\u00bb\u00bb overlay_pattern_attachment=\u00bb\u00bb multi_color_overlay=\u00bb\u00bb multi_color_overlay_opacity=\u00bb\u00bb seperator_enable=\u00bb\u00bb seperator_type=\u00bb\u00bb seperator_position=\u00bb\u00bb seperator_shape_size=\u00bb\u00bb seperator_svg_height=\u00bb\u00bb seperator_shape_background=\u00bb\u00bb seperator_shape_border=\u00bb\u00bb seperator_shape_border_color=\u00bb\u00bb seperator_shape_border_width=\u00bb\u00bb icon_type=\u00bb\u00bb icon=\u00bb\u00bb icon_size=\u00bb\u00bb icon_color=\u00bb\u00bb icon_style=\u00bb\u00bb icon_color_bg=\u00bb\u00bb icon_border_style=\u00bb\u00bb icon_color_border=\u00bb\u00bb icon_border_size=\u00bb\u00bb icon_border_radius=\u00bb\u00bb icon_border_spacing=\u00bb\u00bb icon_img=\u00bb\u00bb img_width=\u00bb\u00bb ult_hide_row=\u00bb\u00bb ult_hide_row_large_screen=\u00bb\u00bb ult_hide_row_desktop=\u00bb\u00bb ult_hide_row_tablet=\u00bb\u00bb ult_hide_row_tablet_small=\u00bb\u00bb ult_hide_row_mobile=\u00bb\u00bb ult_hide_row_mobile_large=\u00bb\u00bb el_id=\u00bb\u00bb][vc_column width=\u00bb1\/3&#8243;][vc_single_image image=\u00bb4647&#8243; alignment=\u00bbcenter\u00bb style=\u00bbvc_box_outline\u00bb border_color=\u00bbsky\u00bb img_link_large=\u00bb\u00bb img_link_target=\u00bb_self\u00bb img_size=\u00bb353&#215;353&#8243;][vc_column_text]<\/p>\n<p>Ascenso: En apenas 30 d\u00edas usted puede tener su primer ascenso y aumento de ganacias en Imperial Ware.<\/p>\n<p>[\/vc_column_text]<div class=\"ult-spacer spacer-69ea40988e65c\" data-id=\"69ea40988e65c\" data-height=\"20\" data-height-mobile=\"20\" data-height-tab=\"20\" data-height-tab-portrait=\"\" data-height-mobile-landscape=\"\" style=\"clear:both;display:block;\"><\/div>[\/vc_column][vc_column width=\u00bb1\/3&#8243;][vc_single_image image=\u00bb3335&#8243; alignment=\u00bbcenter\u00bb style=\u00bb\u00bb border_color=\u00bbgrey\u00bb img_link_large=\u00bb\u00bb img_link_target=\u00bb_self\u00bb css_animation=\u00bb\u00bb img_size=\u00bb353&#215;353&#8243;][vc_column_text]<\/p>\n<p>Capacitaci\u00f3n: Si no tiene experiencia, pero est\u00e1 dispuesto a aprender y a cambiar su vida, tenemos las herramientas para que obtenga los resultados.<\/p>\n<p>[\/vc_column_text]<div class=\"ult-spacer spacer-69ea40988e674\" data-id=\"69ea40988e674\" data-height=\"20\" data-height-mobile=\"20\" data-height-tab=\"20\" data-height-tab-portrait=\"\" data-height-mobile-landscape=\"\" style=\"clear:both;display:block;\"><\/div>[\/vc_column][vc_column width=\u00bb1\/3&#8243;][vc_single_image image=\u00bb3331&#8243; alignment=\u00bbcenter\u00bb style=\u00bbvc_box_outline\u00bb border_color=\u00bbsky\u00bb img_link_large=\u00bb\u00bb img_link_target=\u00bb_self\u00bb img_size=\u00bb353&#215;353&#8243;][vc_column_text]<\/p>\n<p>Horario flexible: Con Imperial Ware, usted tiene la flexibilidad de crear su horario para que se adapte a sus necesidades y prioridades en la vida.<\/p>\n<p>[\/vc_column_text]<div class=\"ult-spacer spacer-69ea40988e67d\" data-id=\"69ea40988e67d\" data-height=\"20\" data-height-mobile=\"20\" data-height-tab=\"20\" data-height-tab-portrait=\"\" data-height-mobile-landscape=\"\" style=\"clear:both;display:block;\"><\/div>[\/vc_column][\/vc_row]<\/p>\n<\/div>","protected":false},"excerpt":{"rendered":"<p>[vc_row full_width=\u00bb\u00bb parallax=\u00bb\u00bb parallax_image=\u00bb\u00bb bg_type=\u00bb\u00bb parallax_style=\u00bb\u00bb bg_image_new=\u00bb\u00bb layer_image=\u00bb\u00bb bg_image_repeat=\u00bb\u00bb bg_image_size=\u00bb\u00bb bg_cstm_size=\u00bb\u00bb bg_img_attach=\u00bb\u00bb parallax_sense=\u00bb\u00bb bg_image_posiiton=\u00bb\u00bb animation_direction=\u00bb\u00bb animation_repeat=\u00bb\u00bb video_url=\u00bb\u00bb video_url_2=\u00bb\u00bb u_video_url=\u00bb\u00bb video_opts=\u00bb\u00bb video_poster=\u00bb\u00bb u_start_time=\u00bb\u00bb u_stop_time=\u00bb\u00bb viewport_vdo=\u00bb\u00bb enable_controls=\u00bb\u00bb bg_override=\u00bb\u00bb disable_on_mobile_img_parallax=\u00bb\u00bb parallax_content=\u00bb\u00bb parallax_content_sense=\u00bb\u00bb fadeout_row=\u00bb\u00bb fadeout_start_effect=\u00bb\u00bb enable_overlay=\u00bb\u00bb overlay_color=\u00bb\u00bb overlay_pattern=\u00bb\u00bb overlay_pattern_opacity=\u00bb\u00bb overlay_pattern_size=\u00bb\u00bb overlay_pattern_attachment=\u00bb\u00bb multi_color_overlay=\u00bb\u00bb multi_color_overlay_opacity=\u00bb\u00bb seperator_enable=\u00bb\u00bb seperator_type=\u00bb\u00bb seperator_position=\u00bb\u00bb seperator_shape_size=\u00bb\u00bb seperator_svg_height=\u00bb\u00bb seperator_shape_background=\u00bb\u00bb seperator_shape_border=\u00bb\u00bb seperator_shape_border_color=\u00bb\u00bb seperator_shape_border_width=\u00bb\u00bb icon_type=\u00bb\u00bb icon=\u00bb\u00bb icon_size=\u00bb\u00bb icon_color=\u00bb\u00bb icon_style=\u00bb\u00bb icon_color_bg=\u00bb\u00bb icon_border_style=\u00bb\u00bb [&hellip;]<\/p>\n","protected":false},"author":1,"featured_media":0,"parent":4620,"menu_order":0,"comment_status":"closed","ping_status":"closed","template":"page.php","meta":{"_exactmetrics_skip_tracking":false,"_exactmetrics_sitenote_active":false,"_exactmetrics_sitenote_note":"","_exactmetrics_sitenote_category":0,"footnotes":""},"class_list":["post-4692","page","type-page","status-publish","hentry"],"_links":{"self":[{"href":"https:\/\/www.ultrafreshsystems.com\/es\/wp-json\/wp\/v2\/pages\/4692","targetHints":{"allow":["GET"]}}],"collection":[{"href":"https:\/\/www.ultrafreshsystems.com\/es\/wp-json\/wp\/v2\/pages"}],"about":[{"href":"https:\/\/www.ultrafreshsystems.com\/es\/wp-json\/wp\/v2\/types\/page"}],"author":[{"embeddable":true,"href":"https:\/\/www.ultrafreshsystems.com\/es\/wp-json\/wp\/v2\/users\/1"}],"replies":[{"embeddable":true,"href":"https:\/\/www.ultrafreshsystems.com\/es\/wp-json\/wp\/v2\/comments?post=4692"}],"version-history":[{"count":4,"href":"https:\/\/www.ultrafreshsystems.com\/es\/wp-json\/wp\/v2\/pages\/4692\/revisions"}],"predecessor-version":[{"id":5886,"href":"https:\/\/www.ultrafreshsystems.com\/es\/wp-json\/wp\/v2\/pages\/4692\/revisions\/5886"}],"up":[{"embeddable":true,"href":"https:\/\/www.ultrafreshsystems.com\/es\/wp-json\/wp\/v2\/pages\/4620"}],"wp:attachment":[{"href":"https:\/\/www.ultrafreshsystems.com\/es\/wp-json\/wp\/v2\/media?parent=4692"}],"curies":[{"name":"wp","href":"https:\/\/api.w.org\/{rel}","templated":true}]}}