{"id":4740,"date":"2015-09-23T23:30:47","date_gmt":"2015-09-23T23:30:47","guid":{"rendered":"http:\/\/ultrafreshsystems.com\/es\/ufa\/ufa-components\/"},"modified":"2017-12-29T02:01:04","modified_gmt":"2017-12-29T02:01:04","slug":"ufa-components","status":"publish","type":"page","link":"https:\/\/www.ultrafreshsystems.com\/es\/ufa\/ufa-components\/","title":{"rendered":"Ultra Fresh Automatic\u00ae Efficiency"},"content":{"rendered":"<div class=\"wpb-content-wrapper\"><p>[vc_row full_width=\u00bb\u00bb parallax=\u00bb\u00bb parallax_image=\u00bb\u00bb bg_type=\u00bb\u00bb parallax_style=\u00bb\u00bb bg_image_new=\u00bb\u00bb layer_image=\u00bb\u00bb bg_image_repeat=\u00bb\u00bb bg_image_size=\u00bb\u00bb bg_cstm_size=\u00bb\u00bb bg_img_attach=\u00bb\u00bb parallax_sense=\u00bb\u00bb bg_image_posiiton=\u00bb\u00bb animation_direction=\u00bb\u00bb animation_repeat=\u00bb\u00bb video_url=\u00bb\u00bb video_url_2=\u00bb\u00bb u_video_url=\u00bb\u00bb video_opts=\u00bb\u00bb video_poster=\u00bb\u00bb u_start_time=\u00bb\u00bb u_stop_time=\u00bb\u00bb viewport_vdo=\u00bb\u00bb enable_controls=\u00bb\u00bb bg_override=\u00bb\u00bb disable_on_mobile_img_parallax=\u00bb\u00bb parallax_content=\u00bb\u00bb parallax_content_sense=\u00bb\u00bb fadeout_row=\u00bb\u00bb fadeout_start_effect=\u00bb\u00bb enable_overlay=\u00bb\u00bb overlay_color=\u00bb\u00bb overlay_pattern=\u00bb\u00bb overlay_pattern_opacity=\u00bb\u00bb overlay_pattern_size=\u00bb\u00bb overlay_pattern_attachment=\u00bb\u00bb multi_color_overlay=\u00bb\u00bb multi_color_overlay_opacity=\u00bb\u00bb seperator_enable=\u00bb\u00bb seperator_type=\u00bb\u00bb seperator_position=\u00bb\u00bb seperator_shape_size=\u00bb\u00bb seperator_svg_height=\u00bb\u00bb seperator_shape_background=\u00bb\u00bb seperator_shape_border=\u00bb\u00bb seperator_shape_border_color=\u00bb\u00bb seperator_shape_border_width=\u00bb\u00bb icon_type=\u00bb\u00bb icon=\u00bb\u00bb icon_size=\u00bb\u00bb icon_color=\u00bb\u00bb icon_style=\u00bb\u00bb icon_color_bg=\u00bb\u00bb icon_border_style=\u00bb\u00bb icon_color_border=\u00bb\u00bb icon_border_size=\u00bb\u00bb icon_border_radius=\u00bb\u00bb icon_border_spacing=\u00bb\u00bb icon_img=\u00bb\u00bb img_width=\u00bb\u00bb ult_hide_row=\u00bb\u00bb ult_hide_row_large_screen=\u00bb\u00bb ult_hide_row_desktop=\u00bb\u00bb ult_hide_row_tablet=\u00bb\u00bb ult_hide_row_tablet_small=\u00bb\u00bb ult_hide_row_mobile=\u00bb\u00bb ult_hide_row_mobile_large=\u00bb\u00bb][vc_column width=\u00bb1\/1&#8243;]<div class=\"ult-spacer spacer-69ea58655d1aa\" data-id=\"69ea58655d1aa\" data-height=\"30\" data-height-mobile=\"30\" data-height-tab=\"30\" data-height-tab-portrait=\"\" data-height-mobile-landscape=\"\" style=\"clear:both;display:block;\"><\/div><div id=\"ultimate-heading69ea58655d1cb\" class=\"uvc-heading ultimate-heading69ea58655d1cb uvc-8200 \" data-hspacer=\"no_spacer\"  data-halign=\"center\" style=\"text-align:center\"><div class=\"uvc-heading-spacer no_spacer\" style=\"\"><\/div><div class=\"uvc-main-heading ult-responsive\"  data-ultimate-target='.uvc-heading.ultimate-heading69ea58655d1cb h2'  data-responsive-json-new='{\"font-size\":\"\",\"line-height\":\"\"}' ><h2 style=\"font-weight:normal;\"> The Ultra Fresh Automatic \u00ae<\/h2><\/div><div class=\"uvc-sub-heading ult-responsive\"  data-ultimate-target='.uvc-heading.ultimate-heading69ea58655d1cb .uvc-sub-heading '  data-responsive-json-new='{\"font-size\":\"\",\"line-height\":\"\"}'  style=\"font-weight:normal;\"><span class=\"w-sub-title\">Uses a Combination of specialized Technologies from around World to Treat and Filter the Water through the Entire Home&#8230;<\/span><\/p>\n<p><\/div><\/div><div class=\"ult-spacer spacer-69ea58655d1e1\" data-id=\"69ea58655d1e1\" data-height=\"20\" data-height-mobile=\"20\" data-height-tab=\"20\" data-height-tab-portrait=\"\" data-height-mobile-landscape=\"\" style=\"clear:both;display:block;\"><\/div>[\/vc_column][\/vc_row][vc_row full_width=\u00bb\u00bb parallax=\u00bb\u00bb parallax_image=\u00bb\u00bb bg_type=\u00bb\u00bb parallax_style=\u00bb\u00bb bg_image_new=\u00bb\u00bb layer_image=\u00bb\u00bb bg_image_repeat=\u00bb\u00bb bg_image_size=\u00bb\u00bb bg_cstm_size=\u00bb\u00bb bg_img_attach=\u00bb\u00bb parallax_sense=\u00bb\u00bb bg_image_posiiton=\u00bb\u00bb animation_direction=\u00bb\u00bb animation_repeat=\u00bb\u00bb video_url=\u00bb\u00bb video_url_2=\u00bb\u00bb u_video_url=\u00bb\u00bb video_opts=\u00bb\u00bb video_poster=\u00bb\u00bb u_start_time=\u00bb\u00bb u_stop_time=\u00bb\u00bb viewport_vdo=\u00bb\u00bb enable_controls=\u00bb\u00bb bg_override=\u00bb\u00bb disable_on_mobile_img_parallax=\u00bb\u00bb parallax_content=\u00bb\u00bb parallax_content_sense=\u00bb\u00bb fadeout_row=\u00bb\u00bb fadeout_start_effect=\u00bb\u00bb enable_overlay=\u00bb\u00bb overlay_color=\u00bb\u00bb overlay_pattern=\u00bb\u00bb overlay_pattern_opacity=\u00bb\u00bb overlay_pattern_size=\u00bb\u00bb overlay_pattern_attachment=\u00bb\u00bb multi_color_overlay=\u00bb\u00bb multi_color_overlay_opacity=\u00bb\u00bb seperator_enable=\u00bb\u00bb seperator_type=\u00bb\u00bb seperator_position=\u00bb\u00bb seperator_shape_size=\u00bb\u00bb seperator_svg_height=\u00bb\u00bb seperator_shape_background=\u00bb\u00bb seperator_shape_border=\u00bb\u00bb seperator_shape_border_color=\u00bb\u00bb seperator_shape_border_width=\u00bb\u00bb icon_type=\u00bb\u00bb icon=\u00bb\u00bb icon_size=\u00bb\u00bb icon_color=\u00bb\u00bb icon_style=\u00bb\u00bb icon_color_bg=\u00bb\u00bb icon_border_style=\u00bb\u00bb icon_color_border=\u00bb\u00bb icon_border_size=\u00bb\u00bb icon_border_radius=\u00bb\u00bb icon_border_spacing=\u00bb\u00bb icon_img=\u00bb\u00bb img_width=\u00bb\u00bb ult_hide_row=\u00bb\u00bb ult_hide_row_large_screen=\u00bb\u00bb ult_hide_row_desktop=\u00bb\u00bb ult_hide_row_tablet=\u00bb\u00bb ult_hide_row_tablet_small=\u00bb\u00bb ult_hide_row_mobile=\u00bb\u00bb ult_hide_row_mobile_large=\u00bb\u00bb el_id=\u00bb\u00bb][vc_column width=\u00bb2\/3&#8243;]<div class=\"ult-spacer spacer-69ea58655d1eb\" data-id=\"69ea58655d1eb\" data-height=\"30\" data-height-mobile=\"30\" data-height-tab=\"30\" data-height-tab-portrait=\"\" data-height-mobile-landscape=\"\" style=\"clear:both;display:block;\"><\/div><div id=\"ultimate-heading69ea58655d1f9\" class=\"uvc-heading ultimate-heading69ea58655d1f9 uvc-5568 \" data-hspacer=\"no_spacer\"  data-halign=\"left\" style=\"text-align:left\"><div class=\"uvc-heading-spacer no_spacer\" style=\"\"><\/div><div class=\"uvc-sub-heading ult-responsive\"  data-ultimate-target='.uvc-heading.ultimate-heading69ea58655d1f9 .uvc-sub-heading '  data-responsive-json-new='{\"font-size\":\"\",\"line-height\":\"\"}'  style=\"font-weight:normal;\"><img loading=\"lazy\" decoding=\"async\" class=\"size-full wp-image-3447 alignleft\" src=\"http:\/\/ultrafreshsystems.com\/wp-content\/uploads\/2015\/09\/apha2-logo.jpg\" alt=\"american public health association\" width=\"115\" height=\"62\" \/><\/p>\n<p><strong>La Asociaci\u00f3n Americana De Salud P\u00fablica:<\/strong><br \/>\nAfirma que hasta dos tercios de los efectos da\u00f1inos del Cloro eran debido a la absorci\u00f3n e inhalaci\u00f3n del Cloro en el agua de la regadera..<\/div><\/div><div id=\"ultimate-heading69ea58655d208\" class=\"uvc-heading ultimate-heading69ea58655d208 uvc-4394 \" data-hspacer=\"no_spacer\"  data-halign=\"left\" style=\"text-align:left\"><div class=\"uvc-heading-spacer no_spacer\" style=\"\"><\/div><div class=\"uvc-sub-heading ult-responsive\"  data-ultimate-target='.uvc-heading.ultimate-heading69ea58655d208 .uvc-sub-heading '  data-responsive-json-new='{\"font-size\":\"\",\"line-height\":\"\"}'  style=\"font-weight:normal;\"><img loading=\"lazy\" decoding=\"async\" class=\"size-full wp-image-3577 alignleft\" src=\"http:\/\/ultrafreshsystems.com\/wp-content\/uploads\/2015\/09\/apha-logo.jpg\" alt=\"apha-logo\" width=\"115\" height=\"62\" \/><\/p>\n<p><strong>Agencia De Protecci\u00f3n Ambiental De Los Estados Unidos (EPA):<\/strong><br \/>\n\u00abCuando el cloro se evapora en la ducha y se combina con otros compuestos org\u00e1nicos presentes en el aire, se convierte en cloroformo. El cloroformo es un componente fuerte que irrita el sistema respiratorio. Pr\u00e1cticamente todos los hogares en Estados Unidos tienen niveles detectables de gas cloroformo en el aire.\u00bb.<\/div><\/div>[\/vc_column][vc_column width=\u00bb1\/3&#8243;][vc_wp_custommenu nav_menu=\u00bb61&#8243;][\/vc_column][\/vc_row][vc_row full_width=\u00bb\u00bb parallax=\u00bb\u00bb parallax_image=\u00bb\u00bb bg_type=\u00bb\u00bb parallax_style=\u00bb\u00bb bg_image_new=\u00bb\u00bb layer_image=\u00bb\u00bb bg_image_repeat=\u00bb\u00bb bg_image_size=\u00bb\u00bb bg_cstm_size=\u00bb\u00bb bg_img_attach=\u00bb\u00bb parallax_sense=\u00bb\u00bb bg_image_posiiton=\u00bb\u00bb animation_direction=\u00bb\u00bb animation_repeat=\u00bb\u00bb video_url=\u00bb\u00bb video_url_2=\u00bb\u00bb u_video_url=\u00bb\u00bb video_opts=\u00bb\u00bb video_poster=\u00bb\u00bb u_start_time=\u00bb\u00bb u_stop_time=\u00bb\u00bb viewport_vdo=\u00bb\u00bb enable_controls=\u00bb\u00bb bg_override=\u00bb\u00bb disable_on_mobile_img_parallax=\u00bb\u00bb parallax_content=\u00bb\u00bb parallax_content_sense=\u00bb\u00bb fadeout_row=\u00bb\u00bb fadeout_start_effect=\u00bb\u00bb enable_overlay=\u00bb\u00bb overlay_color=\u00bb\u00bb overlay_pattern=\u00bb\u00bb overlay_pattern_opacity=\u00bb\u00bb overlay_pattern_size=\u00bb\u00bb overlay_pattern_attachment=\u00bb\u00bb multi_color_overlay=\u00bb\u00bb multi_color_overlay_opacity=\u00bb\u00bb seperator_enable=\u00bb\u00bb seperator_type=\u00bb\u00bb seperator_position=\u00bb\u00bb seperator_shape_size=\u00bb\u00bb seperator_svg_height=\u00bb\u00bb seperator_shape_background=\u00bb\u00bb seperator_shape_border=\u00bb\u00bb seperator_shape_border_color=\u00bb\u00bb seperator_shape_border_width=\u00bb\u00bb icon_type=\u00bb\u00bb icon=\u00bb\u00bb icon_size=\u00bb\u00bb icon_color=\u00bb\u00bb icon_style=\u00bb\u00bb icon_color_bg=\u00bb\u00bb icon_border_style=\u00bb\u00bb icon_color_border=\u00bb\u00bb icon_border_size=\u00bb\u00bb icon_border_radius=\u00bb\u00bb icon_border_spacing=\u00bb\u00bb icon_img=\u00bb\u00bb img_width=\u00bb\u00bb ult_hide_row=\u00bb\u00bb ult_hide_row_large_screen=\u00bb\u00bb ult_hide_row_desktop=\u00bb\u00bb ult_hide_row_tablet=\u00bb\u00bb ult_hide_row_tablet_small=\u00bb\u00bb ult_hide_row_mobile=\u00bb\u00bb ult_hide_row_mobile_large=\u00bb\u00bb][vc_column width=\u00bb1\/4&#8243;]<div class=\"ult-spacer spacer-69ea58655d211\" data-id=\"69ea58655d211\" data-height=\"20\" data-height-mobile=\"20\" data-height-tab=\"20\" data-height-tab-portrait=\"\" data-height-mobile-landscape=\"\" style=\"clear:both;display:block;\"><\/div>[vc_single_image image=\u00bb6570&#8243; border_color=\u00bbgrey\u00bb img_link_large=\u00bb\u00bb img_link_target=\u00bb_self\u00bb img_size=\u00bbfull\u00bb][\/vc_column][vc_column width=\u00bb1\/2&#8243;]<div class=\"ult-spacer spacer-69ea58655d218\" data-id=\"69ea58655d218\" data-height=\"20\" data-height-mobile=\"20\" data-height-tab=\"20\" data-height-tab-portrait=\"\" data-height-mobile-landscape=\"\" style=\"clear:both;display:block;\"><\/div><div id=\"ultimate-heading69ea58655d224\" class=\"uvc-heading ultimate-heading69ea58655d224 uvc-9623 \" data-hspacer=\"no_spacer\"  data-halign=\"left\" style=\"text-align:left\"><div class=\"uvc-heading-spacer no_spacer\" style=\"\"><\/div><div class=\"uvc-sub-heading ult-responsive\"  data-ultimate-target='.uvc-heading.ultimate-heading69ea58655d224 .uvc-sub-heading '  data-responsive-json-new='{\"font-size\":\"\",\"line-height\":\"\"}'  style=\"font-weight:normal;\">El tipo de medio de filtraci\u00f3n utilizado en este sistema Ultra Fresh\u00ae es conocido por ser altamente eficaz para reducir:<\/p>\n<div style=\"color: #171656; width: 50%; float: left; padding-right: 5px;\">\n<ul>\n<li><span class=\"lt-list\" style=\"color: #ba1313;\">Cloro<\/span><\/li>\n<li><span class=\"lt-list\" style=\"color: #ca5a05;\">Cloraminas<\/span><\/li>\n<li><span class=\"lt-list\" style=\"color: #e3ac00;\">Cloroformo<\/span><\/li>\n<li><span class=\"lt-list\" style=\"color: #efcb00;\">Mal Sabor<\/span><\/li>\n<li><span class=\"lt-list\" style=\"color: #f6df1f;\">Olores<\/span><\/li>\n<li><span class=\"lt-list\" style=\"color: #a696c1;\">Plomo<\/span><\/li>\n<li><span class=\"lt-list\" style=\"color: #7461a0;\">Trihalometanos<\/span><\/li>\n<li><span class=\"lt-list\" style=\"color: #171656;\">Herbicidas<\/span><\/li>\n<\/ul>\n<\/div>\n<div style=\"color: #171656; width: 50%; float: left; padding-left: 5px;\">\n<ul>\n<li><span class=\"lt-list\" style=\"color: #2b3015;\">Pesticidas<\/span><\/li>\n<li><span class=\"lt-list\" style=\"color: #526426;\">Moho<\/span><\/li>\n<li><span class=\"lt-list\" style=\"color: #728b30;\">Mold<\/span><\/li>\n<li><span class=\"lt-list\" style=\"color: #82ae38;\">Hongos<\/span><\/li>\n<li><span class=\"lt-list\" style=\"color: #2b3015;\">Mercurio<\/span><\/li>\n<li><span class=\"lt-list\" style=\"color: #2b3015;\">Sarro<\/span><\/li>\n<li><span class=\"lt-list\" style=\"color: #010400;\">Y muchos Otros<\/span><\/li>\n<\/ul>\n<\/div>\n<div style=\"width: 100%;\">\n<p>Dise\u00f1ado para brindarle a su familia entre 750,000 y 1,000,000 de galones de agua limpia y saludable.<\/p>\n<\/div>\n<p><\/div><\/div>[vc_column_text css_animation=\u00bb\u00bb]<\/p>\n<style> .gvpfpmain5893 .fp-controls { background-color:#000000 !important;display:none !important;}\r\n\t\t\t   .gvpfpmain5893 .fp-timeline { background-color: #000000 !important;}\r\n\t\t\t   .gvpfpmain5893 .fp-progress { background-color: #13A800 !important;}\r\n\t\t\t   .gvpfpmain5893 .fp-buffer { background-color: #BCBCBC !important;} \r\n\t\t\t   .gvpfpmain5893 .fp-time { font-size:11px !important;display:none !important; }.overlay2 { display: inline-block; }<\/style><div class=\"gvpfpmain5893\" style=\"text-align:center;\"><div style=\"max-width:640px; margin-right:0px;display:inline-block;width:100%; \"> <div style=\"max-width:640px; \" class=\"flowplayer flowplayer5893 minimalist \" data-key=\"$813920666172972\" data-ratio=\"0.5625\" data-embed=\"false\" data-fullscreen=\"false\" ><video autoplay loop preload ><source type=\"video\/webm\" src=\"http:\/\/ultrafreshsystems.com\/wp-content\/uploads\/2015\/10\/Water.webm\"><source type=\"video\/mp4\" src=\"http:\/\/ultrafreshsystems.com\/wp-content\/uploads\/2015\/09\/Water.mp4\"><source type=\"video\/ogg\" src=\"http:\/\/ultrafreshsystems.com\/wp-content\/uploads\/2015\/10\/Water.ogg\"><\/video><\/div><\/div><\/div><script> jQuery(document).ready(function($){ $(\".flowplayer5893\").each (function() { var gvpcheckprogress = 0; var gvpbeforeseekval = 0; var gvpseekval = 0; $(this).bind(\"ready\", function(event, api) {  }).bind(\"pause\", function(event, api) { myType =  \".\"+api.video.type; }).bind(\"finish\", function(event, api) {  myType2 =  \".\"+api.video.type;  }).bind(\"beforeseek\", function(event, api) {  gvpbeforeseekval = api.video.time; }).bind(\"seek\", function(event, api) {  gvpseekval = api.video.time; myType5 =  \".\"+api.video.type; }).bind(\"resume\", function(event, api) { if(api.video.time > 0 ) { myType4 =  \".\"+api.video.type;  } }).bind(\"progress\", function(event, api) { if(api.video.time > 0) { if(gvpcheckprogress == 0) { myType3 =  \".\"+api.video.type; gvpcheckprogress = 1; } } }); }); });<\/script>\n<p>[\/vc_column_text]<div id=\"ultimate-heading69ea58655d51b\" class=\"uvc-heading ultimate-heading69ea58655d51b uvc-5535 \" data-hspacer=\"no_spacer\"  data-halign=\"left\" style=\"text-align:left\"><div class=\"uvc-heading-spacer no_spacer\" style=\"\"><\/div><div class=\"uvc-sub-heading ult-responsive\"  data-ultimate-target='.uvc-heading.ultimate-heading69ea58655d51b .uvc-sub-heading '  data-responsive-json-new='{\"font-size\":\"\",\"line-height\":\"\"}'  style=\"font-weight:normal;\"><\/p>\n<p>La variacion de la capacidad de filtraci\u00f3n del sistema, y tiempo de reemplazo de los medios filtrantes varia de acuerdo a la cantidad de agua utilizada, la calidad y su nivel de impurezas.<\/p>\n<p><\/div><\/div>[\/vc_column][vc_column width=\u00bb1\/4&#8243;]<div class=\"ult-spacer spacer-69ea58655d528\" data-id=\"69ea58655d528\" data-height=\"20\" data-height-mobile=\"20\" data-height-tab=\"20\" data-height-tab-portrait=\"\" data-height-mobile-landscape=\"\" style=\"clear:both;display:block;\"><\/div>[vc_single_image image=\u00bb6571&#8243; border_color=\u00bbgrey\u00bb img_link_large=\u00bb\u00bb img_link_target=\u00bb_self\u00bb img_size=\u00bbfull\u00bb][\/vc_column][\/vc_row][vc_row full_width=\u00bb\u00bb parallax=\u00bb\u00bb parallax_image=\u00bb\u00bb bg_type=\u00bb\u00bb parallax_style=\u00bb\u00bb bg_image_new=\u00bb\u00bb layer_image=\u00bb\u00bb bg_image_repeat=\u00bb\u00bb bg_image_size=\u00bb\u00bb bg_cstm_size=\u00bb\u00bb bg_img_attach=\u00bb\u00bb parallax_sense=\u00bb\u00bb bg_image_posiiton=\u00bb\u00bb animation_direction=\u00bb\u00bb animation_repeat=\u00bb\u00bb video_url=\u00bb\u00bb video_url_2=\u00bb\u00bb u_video_url=\u00bb\u00bb video_opts=\u00bb\u00bb video_poster=\u00bb\u00bb u_start_time=\u00bb\u00bb u_stop_time=\u00bb\u00bb viewport_vdo=\u00bb\u00bb enable_controls=\u00bb\u00bb bg_override=\u00bb\u00bb disable_on_mobile_img_parallax=\u00bb\u00bb parallax_content=\u00bb\u00bb parallax_content_sense=\u00bb\u00bb fadeout_row=\u00bb\u00bb fadeout_start_effect=\u00bb\u00bb enable_overlay=\u00bb\u00bb overlay_color=\u00bb\u00bb overlay_pattern=\u00bb\u00bb overlay_pattern_opacity=\u00bb\u00bb overlay_pattern_size=\u00bb\u00bb overlay_pattern_attachment=\u00bb\u00bb multi_color_overlay=\u00bb\u00bb multi_color_overlay_opacity=\u00bb\u00bb seperator_enable=\u00bb\u00bb seperator_type=\u00bb\u00bb seperator_position=\u00bb\u00bb seperator_shape_size=\u00bb\u00bb seperator_svg_height=\u00bb\u00bb seperator_shape_background=\u00bb\u00bb seperator_shape_border=\u00bb\u00bb seperator_shape_border_color=\u00bb\u00bb seperator_shape_border_width=\u00bb\u00bb icon_type=\u00bb\u00bb icon=\u00bb\u00bb icon_size=\u00bb\u00bb icon_color=\u00bb\u00bb icon_style=\u00bb\u00bb icon_color_bg=\u00bb\u00bb icon_border_style=\u00bb\u00bb icon_color_border=\u00bb\u00bb icon_border_size=\u00bb\u00bb icon_border_radius=\u00bb\u00bb icon_border_spacing=\u00bb\u00bb icon_img=\u00bb\u00bb img_width=\u00bb\u00bb ult_hide_row=\u00bb\u00bb ult_hide_row_large_screen=\u00bb\u00bb ult_hide_row_desktop=\u00bb\u00bb ult_hide_row_tablet=\u00bb\u00bb ult_hide_row_tablet_small=\u00bb\u00bb ult_hide_row_mobile=\u00bb\u00bb ult_hide_row_mobile_large=\u00bb\u00bb][vc_column width=\u00bb1\/1&#8243;]<div class=\"ult-spacer spacer-69ea58655d52f\" data-id=\"69ea58655d52f\" data-height=\"40\" data-height-mobile=\"40\" data-height-tab=\"40\" data-height-tab-portrait=\"\" data-height-mobile-landscape=\"\" style=\"clear:both;display:block;\"><\/div>[\/vc_column][\/vc_row]<\/p>\n<\/div>","protected":false},"excerpt":{"rendered":"<p>[vc_row full_width=\u00bb\u00bb parallax=\u00bb\u00bb parallax_image=\u00bb\u00bb bg_type=\u00bb\u00bb parallax_style=\u00bb\u00bb bg_image_new=\u00bb\u00bb layer_image=\u00bb\u00bb bg_image_repeat=\u00bb\u00bb bg_image_size=\u00bb\u00bb bg_cstm_size=\u00bb\u00bb bg_img_attach=\u00bb\u00bb parallax_sense=\u00bb\u00bb bg_image_posiiton=\u00bb\u00bb animation_direction=\u00bb\u00bb animation_repeat=\u00bb\u00bb video_url=\u00bb\u00bb video_url_2=\u00bb\u00bb u_video_url=\u00bb\u00bb video_opts=\u00bb\u00bb video_poster=\u00bb\u00bb u_start_time=\u00bb\u00bb u_stop_time=\u00bb\u00bb viewport_vdo=\u00bb\u00bb enable_controls=\u00bb\u00bb bg_override=\u00bb\u00bb disable_on_mobile_img_parallax=\u00bb\u00bb parallax_content=\u00bb\u00bb parallax_content_sense=\u00bb\u00bb fadeout_row=\u00bb\u00bb fadeout_start_effect=\u00bb\u00bb enable_overlay=\u00bb\u00bb overlay_color=\u00bb\u00bb overlay_pattern=\u00bb\u00bb overlay_pattern_opacity=\u00bb\u00bb overlay_pattern_size=\u00bb\u00bb overlay_pattern_attachment=\u00bb\u00bb multi_color_overlay=\u00bb\u00bb multi_color_overlay_opacity=\u00bb\u00bb seperator_enable=\u00bb\u00bb seperator_type=\u00bb\u00bb seperator_position=\u00bb\u00bb seperator_shape_size=\u00bb\u00bb seperator_svg_height=\u00bb\u00bb seperator_shape_background=\u00bb\u00bb seperator_shape_border=\u00bb\u00bb seperator_shape_border_color=\u00bb\u00bb seperator_shape_border_width=\u00bb\u00bb icon_type=\u00bb\u00bb icon=\u00bb\u00bb icon_size=\u00bb\u00bb icon_color=\u00bb\u00bb icon_style=\u00bb\u00bb icon_color_bg=\u00bb\u00bb icon_border_style=\u00bb\u00bb [&hellip;]<\/p>\n","protected":false},"author":1,"featured_media":0,"parent":4719,"menu_order":0,"comment_status":"closed","ping_status":"closed","template":"page.php","meta":{"_exactmetrics_skip_tracking":false,"_exactmetrics_sitenote_active":false,"_exactmetrics_sitenote_note":"","_exactmetrics_sitenote_category":0,"footnotes":""},"class_list":["post-4740","page","type-page","status-publish","hentry"],"_links":{"self":[{"href":"https:\/\/www.ultrafreshsystems.com\/es\/wp-json\/wp\/v2\/pages\/4740","targetHints":{"allow":["GET"]}}],"collection":[{"href":"https:\/\/www.ultrafreshsystems.com\/es\/wp-json\/wp\/v2\/pages"}],"about":[{"href":"https:\/\/www.ultrafreshsystems.com\/es\/wp-json\/wp\/v2\/types\/page"}],"author":[{"embeddable":true,"href":"https:\/\/www.ultrafreshsystems.com\/es\/wp-json\/wp\/v2\/users\/1"}],"replies":[{"embeddable":true,"href":"https:\/\/www.ultrafreshsystems.com\/es\/wp-json\/wp\/v2\/comments?post=4740"}],"version-history":[{"count":11,"href":"https:\/\/www.ultrafreshsystems.com\/es\/wp-json\/wp\/v2\/pages\/4740\/revisions"}],"predecessor-version":[{"id":6593,"href":"https:\/\/www.ultrafreshsystems.com\/es\/wp-json\/wp\/v2\/pages\/4740\/revisions\/6593"}],"up":[{"embeddable":true,"href":"https:\/\/www.ultrafreshsystems.com\/es\/wp-json\/wp\/v2\/pages\/4719"}],"wp:attachment":[{"href":"https:\/\/www.ultrafreshsystems.com\/es\/wp-json\/wp\/v2\/media?parent=4740"}],"curies":[{"name":"wp","href":"https:\/\/api.w.org\/{rel}","templated":true}]}}